{"id":152,"date":"2019-05-11T18:21:01","date_gmt":"2019-05-11T16:21:01","guid":{"rendered":"https:\/\/themes.themeregion.com\/laxuary\/?page_id=152"},"modified":"2021-09-03T15:15:58","modified_gmt":"2021-09-03T13:15:58","slug":"suites","status":"publish","type":"page","link":"https:\/\/milleniumsuites.com\/en\/suites\/","title":{"rendered":"Suites"},"content":{"rendered":"<p><section class=\"kc-elm kc-css-792416 kc-animated kc-animate-eff-fadeIn kc_row section-content section-padding\"><div class=\"kc-row-container  kc-container\"><div class=\"kc-wrap-columns\"><div class=\"kc-elm kc-css-449559 kc_col-sm-12 kc_column kc_col-sm-12\"><div class=\"kc-col-container\"><div class=\"kc-elm kc-css-796193 page-title section-title text-center\"><span class=\"sub-title tr-subheading\">Rooms and Suites<\/span><span>Hotel Millenium Suites<\/span><h1 class=\"tr-heading\">Suites<\/h1><\/div><\/div><\/div><\/div><\/div><\/section><section class=\"kc-elm kc-css-741322 kc_row section-content section-padding\"><div class=\"kc-row-container  kc-container\"><div class=\"kc-wrap-columns\"><div class=\"kc-elm kc-css-124314 kc_col-sm-12 kc_column kc_col-sm-12\"><div class=\"kc-col-container\"><div class=\"kc-elm kc-css-767054 kc_text_block\"><\/p>\n<p style=\"text-align: center;\"><i class=\"fas fa-bus\"><\/i> <a href=\"https:\/\/milleniumsuites.com\/en\/contact\/\">Remember to book your shuttle at least 24 hours before your arrival !<\/a><\/p>\n<p>\n<\/div><div class=\"kc-elm kc-css-454599 kc-raw-code\">\n<div class=\"row rooms tp-hotel-booking\">\n<div id=\"room-3548\" class=\"col-md-6 col-lg-4 post-3548 hb_room type-hb_room status-publish has-post-thumbnail hentry hb_room_type-single-room\">\n\n\t\n    <div class=\"tr-room\">\n\t\t<div class=\"room-thumb\">\n\t\t\t\t\t\t\t\t<div class=\"tr-thumb-slider\" >\n\t\t\t\t\t\t\t\t\t\t<a href=\"https:\/\/milleniumsuites.com\/en\/rooms\/junior-suite-city\/\"><img width=\"350\" height=\"356\" class=\"img-fluid\" src=\"https:\/\/milleniumsuites.com\/wp-content\/uploads\/2021\/07\/8S3B1156-Modifier-350x356.jpg\" alt=\"thumb_slider\"><\/a>\n\t\t\t\t\t\t\t\t\t\t<a href=\"https:\/\/milleniumsuites.com\/en\/rooms\/junior-suite-city\/\"><img width=\"350\" height=\"356\" class=\"img-fluid\" src=\"https:\/\/milleniumsuites.com\/wp-content\/uploads\/2021\/07\/8S3B0534-350x356.jpg\" alt=\"thumb_slider\"><\/a>\n\t\t\t\t\t\t\t\t\t\t<a href=\"https:\/\/milleniumsuites.com\/en\/rooms\/junior-suite-city\/\"><img width=\"350\" height=\"356\" class=\"img-fluid\" src=\"https:\/\/milleniumsuites.com\/wp-content\/uploads\/2021\/07\/8S3B1165-Modifier-350x356.jpg\" alt=\"thumb_slider\"><\/a>\n\t\t\t\t\t\t\t\t\t\t<a href=\"https:\/\/milleniumsuites.com\/en\/rooms\/junior-suite-city\/\"><img width=\"350\" height=\"356\" class=\"img-fluid\" src=\"https:\/\/milleniumsuites.com\/wp-content\/uploads\/2021\/07\/8S3B1166-Modifier-350x356.jpg\" alt=\"thumb_slider\"><\/a>\n\t\t\t\t\t\t\t\t\t\t<a href=\"https:\/\/milleniumsuites.com\/en\/rooms\/junior-suite-city\/\"><img width=\"350\" height=\"356\" class=\"img-fluid\" src=\"https:\/\/milleniumsuites.com\/wp-content\/uploads\/2021\/07\/8S3B1180-Modifier-1-350x356.jpg\" alt=\"thumb_slider\"><\/a>\n\t\t\t\t\t\t\t\t\t\t<a href=\"https:\/\/milleniumsuites.com\/en\/rooms\/junior-suite-city\/\"><img width=\"350\" height=\"356\" class=\"img-fluid\" src=\"https:\/\/milleniumsuites.com\/wp-content\/uploads\/2015\/10\/8S3B0657-Modifier-350x356.jpg\" alt=\"thumb_slider\"><\/a>\n\t\t\t\t\t\t\t\t\t<\/div>\n\t\t\t\t\t\t\t<div class=\"tr-overlay\">\n\t\t\t\t<a class=\"tr-before-after\" href=\"https:\/\/milleniumsuites.com\/en\/rooms\/junior-suite-city\/\">Rooms Details<\/a>\n\t\t\t<\/div>\n\t\t<\/div>\n\n\t\t    <h2>\n        <a href=\"https:\/\/milleniumsuites.com\/en\/rooms\/junior-suite-city\/\">Junior Suite City View<\/a>\n    <\/h2>\n\n\n    <div class=\"price\">\n\t\t            <span class=\"price_value price_min\">180&euro;<\/span>\n\t\t\n        <span class=\"unit\">Night<\/span>\n    <\/div>\n\t\t<ul class=\"global-list\">\n\t\t\t\t\t\t\t<li>Single Room<\/li>\t\t\t\t\t\t\t\n\t\t\t\t\t<\/ul>\n\t\t<ul class=\"global-list extra-room-info\">\n\t\t\t\t\t\t\t\t\t<li><i class=\"fa fa-car\"><\/i><\/li>\n\t\t\t\t\t\t\t\t\t\t\t\t\t<li><i class=\"fa fa-plane\"><\/i><\/li>\n\t\t\t\t\t\t\t\t<\/ul>\n\n    <\/div><!-- .summary -->\n\n\t\n<\/div>\n\n\n<div id=\"room-3534\" class=\"col-md-6 col-lg-4 post-3534 hb_room type-hb_room status-publish has-post-thumbnail hentry hb_room_type-single-room\">\n\n\t\n    <div class=\"tr-room\">\n\t\t<div class=\"room-thumb\">\n\t\t\t\t\t\t\t\t<div class=\"tr-thumb-slider\" >\n\t\t\t\t\t\t\t\t\t\t<a href=\"https:\/\/milleniumsuites.com\/en\/rooms\/junior-suite-sea\/\"><img width=\"350\" height=\"356\" class=\"img-fluid\" src=\"https:\/\/milleniumsuites.com\/wp-content\/uploads\/2021\/07\/8S3B1165-Modifier-350x356.jpg\" alt=\"thumb_slider\"><\/a>\n\t\t\t\t\t\t\t\t\t\t<a href=\"https:\/\/milleniumsuites.com\/en\/rooms\/junior-suite-sea\/\"><img width=\"350\" height=\"356\" class=\"img-fluid\" src=\"https:\/\/milleniumsuites.com\/wp-content\/uploads\/2021\/07\/8S3B1156-Modifier-350x356.jpg\" alt=\"thumb_slider\"><\/a>\n\t\t\t\t\t\t\t\t\t\t<a href=\"https:\/\/milleniumsuites.com\/en\/rooms\/junior-suite-sea\/\"><img width=\"350\" height=\"356\" class=\"img-fluid\" src=\"https:\/\/milleniumsuites.com\/wp-content\/uploads\/2021\/07\/8S3B0534-350x356.jpg\" alt=\"thumb_slider\"><\/a>\n\t\t\t\t\t\t\t\t\t\t<a href=\"https:\/\/milleniumsuites.com\/en\/rooms\/junior-suite-sea\/\"><img width=\"350\" height=\"356\" class=\"img-fluid\" src=\"https:\/\/milleniumsuites.com\/wp-content\/uploads\/2021\/07\/8S3B1180-Modifier-1-350x356.jpg\" alt=\"thumb_slider\"><\/a>\n\t\t\t\t\t\t\t\t\t\t<a href=\"https:\/\/milleniumsuites.com\/en\/rooms\/junior-suite-sea\/\"><img width=\"350\" height=\"356\" class=\"img-fluid\" src=\"https:\/\/milleniumsuites.com\/wp-content\/uploads\/2021\/07\/8S3B1166-Modifier-350x356.jpg\" alt=\"thumb_slider\"><\/a>\n\t\t\t\t\t\t\t\t\t<\/div>\n\t\t\t\t\t\t\t<div class=\"tr-overlay\">\n\t\t\t\t<a class=\"tr-before-after\" href=\"https:\/\/milleniumsuites.com\/en\/rooms\/junior-suite-sea\/\">Rooms Details<\/a>\n\t\t\t<\/div>\n\t\t<\/div>\n\n\t\t    <h2>\n        <a href=\"https:\/\/milleniumsuites.com\/en\/rooms\/junior-suite-sea\/\">Junior Suite Sea View<\/a>\n    <\/h2>\n\n\n    <div class=\"price\">\n\t\t            <span class=\"price_value price_min\">200&euro;<\/span>\n\t\t\n        <span class=\"unit\">Night<\/span>\n    <\/div>\n\t\t<ul class=\"global-list\">\n\t\t\t\t\t\t\t<li>Single Room<\/li>\t\t\t\t\t\t\t\n\t\t\t\t\t<\/ul>\n\t\t<ul class=\"global-list extra-room-info\">\n\t\t\t\t\t\t\t\t\t<li><i class=\"fa fa-car\"><\/i><\/li>\n\t\t\t\t\t\t\t\t\t\t\t\t\t<li><i class=\"fa fa-plane\"><\/i><\/li>\n\t\t\t\t\t\t\t\t<\/ul>\n\n    <\/div><!-- .summary -->\n\n\t\n<\/div>\n\n\n<div id=\"room-2522\" class=\"col-md-6 col-lg-4 post-2522 hb_room type-hb_room status-publish has-post-thumbnail hentry hb_room_type-double-room\">\n\n\t\n    <div class=\"tr-room\">\n\t\t<div class=\"room-thumb\">\n\t\t\t\t\t\t\t\t<div class=\"tr-thumb-slider\" >\n\t\t\t\t\t\t\t\t\t\t<a href=\"https:\/\/milleniumsuites.com\/en\/rooms\/senior-suite\/\"><img width=\"350\" height=\"356\" class=\"img-fluid\" src=\"https:\/\/milleniumsuites.com\/wp-content\/uploads\/2015\/10\/8S3B0490-350x356.jpg\" alt=\"thumb_slider\"><\/a>\n\t\t\t\t\t\t\t\t\t\t<a href=\"https:\/\/milleniumsuites.com\/en\/rooms\/senior-suite\/\"><img width=\"350\" height=\"356\" class=\"img-fluid\" src=\"https:\/\/milleniumsuites.com\/wp-content\/uploads\/2015\/10\/8S3B1085-Modifier-350x356.jpg\" alt=\"thumb_slider\"><\/a>\n\t\t\t\t\t\t\t\t\t\t<a href=\"https:\/\/milleniumsuites.com\/en\/rooms\/senior-suite\/\"><img width=\"350\" height=\"356\" class=\"img-fluid\" src=\"https:\/\/milleniumsuites.com\/wp-content\/uploads\/2015\/10\/8S3B1087-Modifier-350x356.jpg\" alt=\"thumb_slider\"><\/a>\n\t\t\t\t\t\t\t\t\t\t<a href=\"https:\/\/milleniumsuites.com\/en\/rooms\/senior-suite\/\"><img width=\"350\" height=\"356\" class=\"img-fluid\" src=\"https:\/\/milleniumsuites.com\/wp-content\/uploads\/2015\/10\/8S3B1103-Modifier-1-350x356.jpg\" alt=\"thumb_slider\"><\/a>\n\t\t\t\t\t\t\t\t\t\t<a href=\"https:\/\/milleniumsuites.com\/en\/rooms\/senior-suite\/\"><img width=\"350\" height=\"356\" class=\"img-fluid\" src=\"https:\/\/milleniumsuites.com\/wp-content\/uploads\/2015\/10\/8S3B1111-2-1-350x356.jpg\" alt=\"thumb_slider\"><\/a>\n\t\t\t\t\t\t\t\t\t\t<a href=\"https:\/\/milleniumsuites.com\/en\/rooms\/senior-suite\/\"><img width=\"350\" height=\"356\" class=\"img-fluid\" src=\"https:\/\/milleniumsuites.com\/wp-content\/uploads\/2015\/10\/8S3B1116-1-350x356.jpg\" alt=\"thumb_slider\"><\/a>\n\t\t\t\t\t\t\t\t\t\t<a href=\"https:\/\/milleniumsuites.com\/en\/rooms\/senior-suite\/\"><img width=\"350\" height=\"356\" class=\"img-fluid\" src=\"https:\/\/milleniumsuites.com\/wp-content\/uploads\/2015\/10\/8S3B1126-2-1-350x356.jpg\" alt=\"thumb_slider\"><\/a>\n\t\t\t\t\t\t\t\t\t\t<a href=\"https:\/\/milleniumsuites.com\/en\/rooms\/senior-suite\/\"><img width=\"350\" height=\"356\" class=\"img-fluid\" src=\"https:\/\/milleniumsuites.com\/wp-content\/uploads\/2015\/10\/8S3B1132-Modifier-350x356.jpg\" alt=\"thumb_slider\"><\/a>\n\t\t\t\t\t\t\t\t\t\t<a href=\"https:\/\/milleniumsuites.com\/en\/rooms\/senior-suite\/\"><img width=\"350\" height=\"356\" class=\"img-fluid\" src=\"https:\/\/milleniumsuites.com\/wp-content\/uploads\/2021\/07\/8S3B0657-Modifier-350x356.jpg\" alt=\"thumb_slider\"><\/a>\n\t\t\t\t\t\t\t\t\t<\/div>\n\t\t\t\t\t\t\t<div class=\"tr-overlay\">\n\t\t\t\t<a class=\"tr-before-after\" href=\"https:\/\/milleniumsuites.com\/en\/rooms\/senior-suite\/\">Rooms Details<\/a>\n\t\t\t<\/div>\n\t\t<\/div>\n\n\t\t    <h2>\n        <a href=\"https:\/\/milleniumsuites.com\/en\/rooms\/senior-suite\/\">Senior Suite<\/a>\n    <\/h2>\n\n\n    <div class=\"price\">\n\t\t            <span class=\"price_value price_min\">350&euro;<\/span>\n\t\t\n        <span class=\"unit\">Night<\/span>\n    <\/div>\n\t\t<ul class=\"global-list\">\n\t\t\t\t\t\t\t<li>Double Room<\/li>\t\t\t\t\t\t\t\n\t\t\t\t\t<\/ul>\n\t\t<ul class=\"global-list extra-room-info\">\n\t\t\t\t\t\t\t\t\t<li><i class=\"fa fa-car\"><\/i><\/li>\n\t\t\t\t\t\t\t\t\t\t\t\t\t<li><i class=\"fa fa-plane\"><\/i><\/li>\n\t\t\t\t\t\t\t\t<\/ul>\n\n    <\/div><!-- .summary -->\n\n\t\n<\/div>\n\n\n<\/div>\n\n <\/div><\/div><\/div><\/div><\/div><\/section><\/p>","protected":false},"excerpt":{"rendered":"","protected":false},"author":1,"featured_media":3509,"parent":0,"menu_order":0,"comment_status":"closed","ping_status":"closed","template":"page-templates\/tpl-fullwidth.php","meta":{"footnotes":""},"yoast_head":"<!-- This site is optimized with the Yoast SEO plugin v21.2 - https:\/\/yoast.com\/wordpress\/plugins\/seo\/ -->\n<title>Hotel Millenium Suites - Nos Suites<\/title>\n<meta name=\"description\" content=\"Chambres &amp; Suites : Profitez de nos offres et services au sein de l\u2019H\u00f4tel Millenium Suites - H\u00f4tel 4 \u2606 \u00e0 Conakry \u2713 R\u00e9servation en ligne s\u00e9curis\u00e9e\" \/>\n<meta name=\"robots\" content=\"index, follow, max-snippet:-1, max-image-preview:large, max-video-preview:-1\" \/>\n<link rel=\"canonical\" href=\"https:\/\/milleniumsuites.com\/en\/suites\/\" \/>\n<meta property=\"og:locale\" content=\"en_GB\" \/>\n<meta property=\"og:type\" content=\"article\" \/>\n<meta property=\"og:title\" content=\"Hotel Millenium Suites - Nos Suites\" \/>\n<meta property=\"og:description\" content=\"Chambres &amp; Suites : Profitez de nos offres et services au sein de l\u2019H\u00f4tel Millenium Suites - H\u00f4tel 4 \u2606 \u00e0 Conakry \u2713 R\u00e9servation en ligne s\u00e9curis\u00e9e\" \/>\n<meta property=\"og:url\" content=\"https:\/\/milleniumsuites.com\/en\/suites\/\" \/>\n<meta property=\"og:site_name\" content=\"Hotel Millenium Suites\" \/>\n<meta property=\"article:modified_time\" content=\"2021-09-03T13:15:58+00:00\" \/>\n<meta property=\"og:image\" content=\"https:\/\/milleniumsuites.com\/wp-content\/uploads\/2021\/07\/8S3B1180-Modifier-scaled.jpg\" \/>\n\t<meta property=\"og:image:width\" content=\"2560\" \/>\n\t<meta property=\"og:image:height\" content=\"757\" \/>\n\t<meta property=\"og:image:type\" content=\"image\/jpeg\" \/>\n<meta name=\"twitter:card\" content=\"summary_large_image\" \/>\n<script type=\"application\/ld+json\" class=\"yoast-schema-graph\">{\"@context\":\"https:\/\/schema.org\",\"@graph\":[{\"@type\":\"WebPage\",\"@id\":\"https:\/\/milleniumsuites.com\/suites\/\",\"url\":\"https:\/\/milleniumsuites.com\/suites\/\",\"name\":\"Hotel Millenium Suites - Nos Suites\",\"isPartOf\":{\"@id\":\"https:\/\/milleniumsuites.com\/#website\"},\"datePublished\":\"2019-05-11T16:21:01+00:00\",\"dateModified\":\"2021-09-03T13:15:58+00:00\",\"description\":\"Chambres & Suites : Profitez de nos offres et services au sein de l\u2019H\u00f4tel Millenium Suites - H\u00f4tel 4 \u2606 \u00e0 Conakry \u2713 R\u00e9servation en ligne s\u00e9curis\u00e9e\",\"breadcrumb\":{\"@id\":\"https:\/\/milleniumsuites.com\/suites\/#breadcrumb\"},\"inLanguage\":\"en-GB\",\"potentialAction\":[{\"@type\":\"ReadAction\",\"target\":[\"https:\/\/milleniumsuites.com\/suites\/\"]}]},{\"@type\":\"BreadcrumbList\",\"@id\":\"https:\/\/milleniumsuites.com\/suites\/#breadcrumb\",\"itemListElement\":[{\"@type\":\"ListItem\",\"position\":1,\"name\":\"Accueil\",\"item\":\"https:\/\/milleniumsuites.com\/\"},{\"@type\":\"ListItem\",\"position\":2,\"name\":\"Nos Suites\"}]},{\"@type\":\"WebSite\",\"@id\":\"https:\/\/milleniumsuites.com\/#website\",\"url\":\"https:\/\/milleniumsuites.com\/\",\"name\":\"Hotel Millenium Suites\",\"description\":\"H\u00e9bergement de luxe - Conakry, au coeur de la capitale Guin\u00e9enne\",\"potentialAction\":[{\"@type\":\"SearchAction\",\"target\":{\"@type\":\"EntryPoint\",\"urlTemplate\":\"https:\/\/milleniumsuites.com\/?s={search_term_string}\"},\"query-input\":\"required name=search_term_string\"}],\"inLanguage\":\"en-GB\"}]}<\/script>\n<!-- \/ Yoast SEO plugin. -->","yoast_head_json":{"title":"Hotel Millenium Suites - Nos Suites","description":"Chambres & Suites : Profitez de nos offres et services au sein de l\u2019H\u00f4tel Millenium Suites - H\u00f4tel 4 \u2606 \u00e0 Conakry \u2713 R\u00e9servation en ligne s\u00e9curis\u00e9e","robots":{"index":"index","follow":"follow","max-snippet":"max-snippet:-1","max-image-preview":"max-image-preview:large","max-video-preview":"max-video-preview:-1"},"canonical":"https:\/\/milleniumsuites.com\/en\/suites\/","og_locale":"en_GB","og_type":"article","og_title":"Hotel Millenium Suites - Nos Suites","og_description":"Chambres & Suites : Profitez de nos offres et services au sein de l\u2019H\u00f4tel Millenium Suites - H\u00f4tel 4 \u2606 \u00e0 Conakry \u2713 R\u00e9servation en ligne s\u00e9curis\u00e9e","og_url":"https:\/\/milleniumsuites.com\/en\/suites\/","og_site_name":"Hotel Millenium Suites","article_modified_time":"2021-09-03T13:15:58+00:00","og_image":[{"width":2560,"height":757,"url":"https:\/\/milleniumsuites.com\/wp-content\/uploads\/2021\/07\/8S3B1180-Modifier-scaled.jpg","type":"image\/jpeg"}],"twitter_card":"summary_large_image","schema":{"@context":"https:\/\/schema.org","@graph":[{"@type":"WebPage","@id":"https:\/\/milleniumsuites.com\/suites\/","url":"https:\/\/milleniumsuites.com\/suites\/","name":"Hotel Millenium Suites - Nos Suites","isPartOf":{"@id":"https:\/\/milleniumsuites.com\/#website"},"datePublished":"2019-05-11T16:21:01+00:00","dateModified":"2021-09-03T13:15:58+00:00","description":"Chambres & Suites : Profitez de nos offres et services au sein de l\u2019H\u00f4tel Millenium Suites - H\u00f4tel 4 \u2606 \u00e0 Conakry \u2713 R\u00e9servation en ligne s\u00e9curis\u00e9e","breadcrumb":{"@id":"https:\/\/milleniumsuites.com\/suites\/#breadcrumb"},"inLanguage":"en-GB","potentialAction":[{"@type":"ReadAction","target":["https:\/\/milleniumsuites.com\/suites\/"]}]},{"@type":"BreadcrumbList","@id":"https:\/\/milleniumsuites.com\/suites\/#breadcrumb","itemListElement":[{"@type":"ListItem","position":1,"name":"Accueil","item":"https:\/\/milleniumsuites.com\/"},{"@type":"ListItem","position":2,"name":"Nos Suites"}]},{"@type":"WebSite","@id":"https:\/\/milleniumsuites.com\/#website","url":"https:\/\/milleniumsuites.com\/","name":"Hotel Millenium Suites","description":"H\u00e9bergement de luxe - Conakry, au coeur de la capitale Guin\u00e9enne","potentialAction":[{"@type":"SearchAction","target":{"@type":"EntryPoint","urlTemplate":"https:\/\/milleniumsuites.com\/?s={search_term_string}"},"query-input":"required name=search_term_string"}],"inLanguage":"en-GB"}]}},"_links":{"self":[{"href":"https:\/\/milleniumsuites.com\/en\/wp-json\/wp\/v2\/pages\/152"}],"collection":[{"href":"https:\/\/milleniumsuites.com\/en\/wp-json\/wp\/v2\/pages"}],"about":[{"href":"https:\/\/milleniumsuites.com\/en\/wp-json\/wp\/v2\/types\/page"}],"author":[{"embeddable":true,"href":"https:\/\/milleniumsuites.com\/en\/wp-json\/wp\/v2\/users\/1"}],"replies":[{"embeddable":true,"href":"https:\/\/milleniumsuites.com\/en\/wp-json\/wp\/v2\/comments?post=152"}],"version-history":[{"count":0,"href":"https:\/\/milleniumsuites.com\/en\/wp-json\/wp\/v2\/pages\/152\/revisions"}],"wp:featuredmedia":[{"embeddable":true,"href":"https:\/\/milleniumsuites.com\/en\/wp-json\/wp\/v2\/media\/3509"}],"wp:attachment":[{"href":"https:\/\/milleniumsuites.com\/en\/wp-json\/wp\/v2\/media?parent=152"}],"curies":[{"name":"wp","href":"https:\/\/api.w.org\/{rel}","templated":true}]}}