{"id":204,"date":"2019-05-11T18:55:30","date_gmt":"2019-05-11T16:55:30","guid":{"rendered":"https:\/\/themes.themeregion.com\/laxuary\/?page_id=204"},"modified":"2021-09-03T14:58:22","modified_gmt":"2021-09-03T12:58:22","slug":"services","status":"publish","type":"page","link":"https:\/\/milleniumsuites.com\/en\/services\/","title":{"rendered":"Leisure &amp; services"},"content":{"rendered":"<p><section class=\"kc-elm kc-css-28226 kc-animated kc-animate-eff-fadeIn kc_row section-content section-padding\"><div class=\"kc-row-container  kc-container\"><div class=\"kc-wrap-columns\"><div class=\"kc-elm kc-css-180288 kc_col-sm-12 kc_column kc_col-sm-12\"><div class=\"kc-col-container\"><div class=\"kc-elm kc-css-11077 page-title section-title text-center\"><span class=\"sub-title tr-subheading\">Millenium Suites<\/span><span>Hotel Millenium Suites<\/span><h1 class=\"tr-heading\">Leisure &amp; Services<\/h1><\/div><\/div><\/div><\/div><\/div><\/section><section class=\"kc-elm kc-css-756370 kc_row section-content section-padding\"><div class=\"kc-row-container  kc-container\"><div class=\"kc-wrap-columns\"><div class=\"kc-elm kc-css-268770 kc_col-sm-5 kc_column kc_col-sm-5\"><div class=\"kc-col-container\"><div class=\"kc-elm kc-css-658129 section-title text-left\"><span class=\"sub-title tr-subheading\">Millenium Suites Hotel<\/span><span>Hotel Millenium Suites<\/span><h2 class=\"tr-heading\">An unforgettable experience<\/h2><\/div><\/div><\/div><div class=\"kc-elm kc-css-502989 kc_col-sm-7 kc_column kc_col-sm-7 about-info\"><div class=\"kc-col-container\"><div class=\"kc-elm kc-css-398799 kc_text_block\"><\/p>\n<p class=\" translation-block\">We pay particular attention to your <strong> comfort <\/strong> and your <strong> well-being <\/strong>. <span style=\"font-style: inherit\"> Our goal: Make your stay <\/span> <strong style=\"font-style: inherit\"> an unforgettable experience <\/strong> <span>. <\/span> <span style=\"font-style: inherit\"> To carry out this mission, we offer a wide range of <\/span> <strong style=\"font-style: inherit\"> services <\/strong> <span style=\"font-style: inherit\">, <\/span> <strong style=\"font-style: inherit\"> animations <\/strong> <span style=\"font-style: inherit\">, and <\/span> <strong style=\"font-style: inherit\"> quality equipment <\/strong> <span style=\"font-style: inherit\">. <\/span> <strong style=\"font-style: inherit\"> Enjoy <\/strong> <span style=\"font-style: inherit\">, we'll take care of the rest! <\/span><\/p>\n<p>\n<\/div>\n<div class=\"kc-elm kc-css-264844\">\n\t<a class=\"kc_button btn btn-primary\" href=\"https:\/\/milleniumsuites.com\/en\/suites\/\" target=\"_self\" title=\"Contact\" onclick=\"\">\n\t\tBook a room\t<\/a>\n<\/div>\n<\/div><\/div><\/div><\/div><\/section><section class=\"kc-elm kc-css-986656 kc_row section-content section-padding\"><div class=\"kc-row-container  kc-container\"><div class=\"kc-wrap-columns\"><div class=\"kc-elm kc-css-464014 kc_col-sm-12 kc_column kc_col-sm-12\"><div class=\"kc-col-container\"><div class=\"kc-elm kc-css-223903 section-content  features-style-1\"><div class=\"container\"><div class=\"tr-features text-center\"><div class=\"feature-slider\"> <div class=\"tr-feature\"><div class=\"tr-icon fb-image\"><img src=\"https:\/\/milleniumsuites.com\/wp-content\/uploads\/2019\/05\/icon1-1.png\" alt=\"\" class=\"img-fluid tr-img-color\"><img src=\"https:\/\/milleniumsuites.com\/wp-content\/uploads\/2019\/05\/icon-white1-1.png\" alt=\"\" class=\"img-fluid tr-img-white\"><\/div><h3 class=\"feature-title\">Airport shuttle<\/h3><p>We offer a 24\/7 shuttle service to the airport<\/p><\/div> <div class=\"tr-feature\"><div class=\"features-icon fb-icon\"><i class=\"sl-trophy\"><\/i><\/div><h3 class=\"feature-title\">Fitness center<\/h3><p>Soyez en forme gr\u00e2ce \u00e0 un centre de fitness \u00e9quip\u00e9 et moderne, ouvert de 7h \u00e0 22h<\/p><\/div> <div class=\"tr-feature\"><div class=\"tr-icon fb-image\"><img src=\"https:\/\/milleniumsuites.com\/wp-content\/uploads\/2019\/05\/icon4-1.png\" alt=\"\" class=\"img-fluid tr-img-color\"><img src=\"https:\/\/milleniumsuites.com\/wp-content\/uploads\/2019\/05\/icon-white2-1.png\" alt=\"\" class=\"img-fluid tr-img-white\"><\/div><h3 class=\"feature-title\">Relaxation<\/h3><p>The hotel has a swimming pool, a garden overlooking the ocean, and a playground<\/p><\/div> <div class=\"tr-feature\"><div class=\"features-icon fb-icon\"><i class=\"fa-wifi\"><\/i><\/div><h3 class=\"feature-title\">Free Wifi<\/h3><p>Pour votre confort, le wifi est accessible gratuitement dans toutes les chambres<\/p><\/div><\/div><\/div><\/div><\/div><\/div><\/div><\/div><\/div><\/section><section class=\"kc-elm kc-css-660083 kc_row tr-video-content video-style-1 bg-image tr-parallax\" style=\"background-image: url(https:\/\/milleniumsuites.com\/wp-content\/uploads\/2021\/07\/199871629.jpg);\"><div class=\"tr-overlay\" style=\"background-color:rgba(17, 32, 73, 0.60)\"><\/div><div class=\"kc-row-container  kc-container\"><div class=\"kc-wrap-columns\"><div class=\"kc-elm kc-css-934747 kc_col-sm-12 kc_column kc_col-sm-12\"><div class=\"kc-col-container\"><div class=\"kc-elm kc-css-693223 title-white section-title text-center\"><span class=\"sub-title tr-subheading\">Discover our equipments<\/span><span>Hotel Millenium Suites<\/span><h1 class=\"tr-heading\">The swimming pool<\/h1><\/div><div class=\"kc-elm kc-css-971025\">\n\t<div class=\"kc-carousel_images kc-elm kc-css-971025\">\n\t\n\t\t<div class=\"kc-carousel-images owl-carousel-images kc-sync1  owl-nav-round\" data-owl-i-options='{\"items\":\"1\",\"tablet\":\"1\",\"mobile\":\"1\",\"speed\":\"500\",\"navigation\":\"yes\",\"pagination\":\"\",\"autoheight\":\"\",\"progressbar\":\"\",\"delay\":\"8\",\"autoplay\":\"yes\",\"showthumb\":\"\",\"num_thumb\":\"5\"}'>\n\t\n\t\t\t\t\t<div class=\"item\">\n\t\n\t\t\t\t\t\t\t<img src=\"https:\/\/milleniumsuites.com\/wp-content\/uploads\/2021\/08\/IMG_9721-scaled.jpg\"  alt=\"\"\/>\n\t\n\t\t\t\t\n\t\t\t<\/div>\n\t\n\t\t\t\t\t<div class=\"item\">\n\t\n\t\t\t\t\t\t\t<img src=\"https:\/\/milleniumsuites.com\/wp-content\/uploads\/2021\/08\/IMG_9742-scaled.jpg\"  alt=\"\"\/>\n\t\n\t\t\t\t\n\t\t\t<\/div>\n\t\n\t\t\t\t\t<div class=\"item\">\n\t\n\t\t\t\t\t\t\t<img src=\"https:\/\/milleniumsuites.com\/wp-content\/uploads\/2021\/08\/IMG_9755-scaled.jpg\"  alt=\"\"\/>\n\t\n\t\t\t\t\n\t\t\t<\/div>\n\t\n\t\t\t\t\t<div class=\"item\">\n\t\n\t\t\t\t\t\t\t<img src=\"https:\/\/milleniumsuites.com\/wp-content\/uploads\/2021\/08\/IMG_9706-scaled.jpg\"  alt=\"\"\/>\n\t\n\t\t\t\t\n\t\t\t<\/div>\n\t\n\t\t\t\t\t<div class=\"item\">\n\t\n\t\t\t\t\t\t\t<img src=\"https:\/\/milleniumsuites.com\/wp-content\/uploads\/2021\/08\/IMG_9712-scaled.jpg\"  alt=\"\"\/>\n\t\n\t\t\t\t\n\t\t\t<\/div>\n\t\n\t\t\t\t\t<div class=\"item\">\n\t\n\t\t\t\t\t\t\t<img src=\"https:\/\/milleniumsuites.com\/wp-content\/uploads\/2021\/08\/IMG_9744-scaled.jpg\"  alt=\"\"\/>\n\t\n\t\t\t\t\n\t\t\t<\/div>\n\t\n\t\t\t\t\t<div class=\"item\">\n\t\n\t\t\t\t\t\t\t<img src=\"https:\/\/milleniumsuites.com\/wp-content\/uploads\/2021\/08\/IMG_9754-scaled.jpg\"  alt=\"\"\/>\n\t\n\t\t\t\t\n\t\t\t<\/div>\n\t\n\t\t\t\t\t<div class=\"item\">\n\t\n\t\t\t\t\t\t\t<img src=\"https:\/\/milleniumsuites.com\/wp-content\/uploads\/2021\/08\/IMG_9690-scaled.jpg\"  alt=\"\"\/>\n\t\n\t\t\t\t\n\t\t\t<\/div>\n\t\n\t\t\t\t\t<div class=\"item\">\n\t\n\t\t\t\t\t\t\t<img src=\"https:\/\/milleniumsuites.com\/wp-content\/uploads\/2021\/08\/IMG_9753-scaled.jpg\"  alt=\"\"\/>\n\t\n\t\t\t\t\n\t\t\t<\/div>\n\t\n\t\t\t\t\t<div class=\"item\">\n\t\n\t\t\t\t\t\t\t<img src=\"https:\/\/milleniumsuites.com\/wp-content\/uploads\/2021\/08\/IMG_9752-scaled.jpg\"  alt=\"\"\/>\n\t\n\t\t\t\t\n\t\t\t<\/div>\n\t\n\t\t\t\t\t<div class=\"item\">\n\t\n\t\t\t\t\t\t\t<img src=\"https:\/\/milleniumsuites.com\/wp-content\/uploads\/2021\/08\/IMG_9714-scaled.jpg\"  alt=\"\"\/>\n\t\n\t\t\t\t\n\t\t\t<\/div>\n\t\n\t\t\t\t\t<div class=\"item\">\n\t\n\t\t\t\t\t\t\t<img src=\"https:\/\/milleniumsuites.com\/wp-content\/uploads\/2021\/08\/IMG_9673-scaled.jpg\"  alt=\"\"\/>\n\t\n\t\t\t\t\n\t\t\t<\/div>\n\t\n\t\t\t\n\t\t<\/div>\n\t\n\t\t\t<\/div>\n<\/div>\n<div class=\"kc-elm kc-css-298663 kc_text_block\"><\/p>\n<p class=\"Corps translation-block\" style=\"text-align: center;\">The Millenium Suites swimming pool allows you to <strong> cool off <\/strong> by swimming a few lengths while sipping a <strong> cocktail <\/strong>.<\/p>\n<p>\n<\/div><\/div><\/div><\/div><\/div><\/section><section class=\"kc-elm kc-css-726727 kc_row\"><div class=\"kc-row-container  kc-container\"><div class=\"kc-wrap-columns\"><div class=\"kc-elm kc-css-153211 kc_col-sm-12 kc_column kc_col-sm-12\"><div class=\"kc-col-container\"><div class=\"kc-elm kc-css-358075 section-title text-center\"><span class=\"sub-title tr-subheading\">Soyez en forme<\/span><span>Hotel Millenium Suites<\/span><h2 class=\"tr-heading\">Le Centre de Fitness<\/h2><\/div><div class=\"kc-elm kc-css-951693\">\n\t<div class=\"kc-carousel_images kc-elm kc-css-951693\">\n\t\n\t\t<div class=\"kc-carousel-images owl-carousel-images kc-sync1  owl-nav-round\" data-owl-i-options='{\"items\":\"1\",\"tablet\":\"1\",\"mobile\":\"1\",\"speed\":\"500\",\"navigation\":\"yes\",\"pagination\":\"\",\"autoheight\":\"\",\"progressbar\":\"\",\"delay\":\"8\",\"autoplay\":\"yes\",\"showthumb\":\"\",\"num_thumb\":\"5\"}'>\n\t\n\t\t\t\t\t<div class=\"item\">\n\t\n\t\t\t\t\t\t\t<img src=\"https:\/\/milleniumsuites.com\/wp-content\/uploads\/2021\/08\/IMG_9829-scaled.jpg\"  alt=\"\"\/>\n\t\n\t\t\t\t\n\t\t\t<\/div>\n\t\n\t\t\t\t\t<div class=\"item\">\n\t\n\t\t\t\t\t\t\t<img src=\"https:\/\/milleniumsuites.com\/wp-content\/uploads\/2021\/08\/IMG_9798-scaled.jpg\"  alt=\"\"\/>\n\t\n\t\t\t\t\n\t\t\t<\/div>\n\t\n\t\t\t\t\t<div class=\"item\">\n\t\n\t\t\t\t\t\t\t<img src=\"https:\/\/milleniumsuites.com\/wp-content\/uploads\/2021\/08\/IMG_9797-scaled.jpg\"  alt=\"\"\/>\n\t\n\t\t\t\t\n\t\t\t<\/div>\n\t\n\t\t\t\t\t<div class=\"item\">\n\t\n\t\t\t\t\t\t\t<img src=\"https:\/\/milleniumsuites.com\/wp-content\/uploads\/2021\/08\/IMG_9796-scaled.jpg\"  alt=\"\"\/>\n\t\n\t\t\t\t\n\t\t\t<\/div>\n\t\n\t\t\t\t\t<div class=\"item\">\n\t\n\t\t\t\t\t\t\t<img src=\"https:\/\/milleniumsuites.com\/wp-content\/uploads\/2021\/08\/IMG_9794-scaled.jpg\"  alt=\"\"\/>\n\t\n\t\t\t\t\n\t\t\t<\/div>\n\t\n\t\t\t\t\t<div class=\"item\">\n\t\n\t\t\t\t\t\t\t<img src=\"https:\/\/milleniumsuites.com\/wp-content\/uploads\/2021\/08\/IMG_9793-scaled.jpg\"  alt=\"\"\/>\n\t\n\t\t\t\t\n\t\t\t<\/div>\n\t\n\t\t\t\t\t<div class=\"item\">\n\t\n\t\t\t\t\t\t\t<img src=\"https:\/\/milleniumsuites.com\/wp-content\/uploads\/2021\/08\/IMG_9792-scaled.jpg\"  alt=\"\"\/>\n\t\n\t\t\t\t\n\t\t\t<\/div>\n\t\n\t\t\t\t\t<div class=\"item\">\n\t\n\t\t\t\t\t\t\t<img src=\"https:\/\/milleniumsuites.com\/wp-content\/uploads\/2021\/08\/IMG_9791-scaled.jpg\"  alt=\"\"\/>\n\t\n\t\t\t\t\n\t\t\t<\/div>\n\t\n\t\t\t\t\t<div class=\"item\">\n\t\n\t\t\t\t\t\t\t<img src=\"https:\/\/milleniumsuites.com\/wp-content\/uploads\/2021\/08\/IMG_9790-scaled.jpg\"  alt=\"\"\/>\n\t\n\t\t\t\t\n\t\t\t<\/div>\n\t\n\t\t\t\t\t<div class=\"item\">\n\t\n\t\t\t\t\t\t\t<img src=\"https:\/\/milleniumsuites.com\/wp-content\/uploads\/2021\/08\/IMG_9789-scaled.jpg\"  alt=\"\"\/>\n\t\n\t\t\t\t\n\t\t\t<\/div>\n\t\n\t\t\t\t\t<div class=\"item\">\n\t\n\t\t\t\t\t\t\t<img src=\"https:\/\/milleniumsuites.com\/wp-content\/uploads\/2021\/08\/IMG_9788-scaled.jpg\"  alt=\"\"\/>\n\t\n\t\t\t\t\n\t\t\t<\/div>\n\t\n\t\t\t\t\t<div class=\"item\">\n\t\n\t\t\t\t\t\t\t<img src=\"https:\/\/milleniumsuites.com\/wp-content\/uploads\/2021\/08\/IMG_9787-scaled.jpg\"  alt=\"\"\/>\n\t\n\t\t\t\t\n\t\t\t<\/div>\n\t\n\t\t\t\t\t<div class=\"item\">\n\t\n\t\t\t\t\t\t\t<img src=\"https:\/\/milleniumsuites.com\/wp-content\/uploads\/2021\/08\/IMG_9786-scaled.jpg\"  alt=\"\"\/>\n\t\n\t\t\t\t\n\t\t\t<\/div>\n\t\n\t\t\t\t\t<div class=\"item\">\n\t\n\t\t\t\t\t\t\t<img src=\"https:\/\/milleniumsuites.com\/wp-content\/uploads\/2021\/08\/IMG_9785-scaled.jpg\"  alt=\"\"\/>\n\t\n\t\t\t\t\n\t\t\t<\/div>\n\t\n\t\t\t\t\t<div class=\"item\">\n\t\n\t\t\t\t\t\t\t<img src=\"https:\/\/milleniumsuites.com\/wp-content\/uploads\/2021\/08\/IMG_9784-scaled.jpg\"  alt=\"\"\/>\n\t\n\t\t\t\t\n\t\t\t<\/div>\n\t\n\t\t\t\n\t\t<\/div>\n\t\n\t\t\t<\/div>\n<\/div>\n<div class=\"kc-elm kc-css-820506 kc_text_block\"><\/p>\n<p class=\"Pardfaut translation-block\" style=\"text-align: center;\">Get in shape in our <strong> modern fitness center <\/strong>. High windows dominate our <span lang=\"IT\"> stunning <\/span> swimming pool and <strong> overlook the <span dir=\"RTL\" lang=\"AR-SA\" style=\"font-family: 'Arial Unicode MS ', serif\"><\/span> shimmering ocean <\/strong>, while <span> <\/span> a <strong> full range <span lang=\"IT\"> <\/span> of equipment <\/strong> <span dir=\"RTL\" lang=\"AR-SA\" style=\"font-family: 'Arial Unicode MS' , serif\"><\/span> provides sessions in <span> <\/span> <span lang=\"IT\"> entered <\/span> effective training.<\/p>\n<p class=\"Pardfaut translation-block\" style=\"text-align: center;\"><strong> Open from 7 am to 10 pm <\/strong>, the Fitness center is free and offers weights, <br> and cardio machines as well as <span dir=\"RTL\"> <\/span> a space to take a <strong> shower <\/strong> after your exercises.<\/p>\n<p class=\"Pardfaut translation-block\" style=\"text-align: center;\">We invite our customers wishing to use our center <strong> outside of hours d <span dir=\"RTL\" lang=\"AR-SA\" style=\"font-family: 'Arial Unicode MS', serif\"> <\/span>normal opening hours<\/strong> to <a href=\"https:\/\/milleniumsuites.com\/contact\/\" target=\"_self\"> make their request <\/a>.<\/p>\n<p>\n<\/div><\/div><\/div><\/div><\/div><\/section><section class=\"kc-elm kc-css-325432 kc_row\"><div class=\"kc-row-container  kc-container\"><div class=\"kc-wrap-columns\"><div class=\"kc-elm kc-css-309317 kc_col-sm-12 kc_column kc_col-sm-12\"><div class=\"kc-col-container\"><div class=\"kc-elm kc-css-521544\" style=\"height: 103px; clear: both; width:100%;\"><\/div>\n<div class=\"kc-elm kc-css-830458 divider_line\">\n\t<div class=\"divider_inner divider_line1\">\n\t\t\t<\/div>\n<\/div>\n<div class=\"kc-elm kc-css-271820\" style=\"height: 103px; clear: both; width:100%;\"><\/div><\/div><\/div><\/div><\/div><\/section><section class=\"kc-elm kc-css-759364 kc_row\"><div class=\"kc-row-container  kc-container\"><div class=\"kc-wrap-columns\"><div class=\"kc-elm kc-css-936188 kc_col-sm-5 kc_column kc_col-sm-5\"><div class=\"kc-col-container\"><div class=\"kc-elm kc-css-933714 section-title text-left\"><span class=\"sub-title tr-subheading\">Passez du bon temps<\/span><span>Hotel Millenium Suites<\/span><h2 class=\"tr-heading\">Le Jardin<\/h2><\/div><div class=\"kc-elm kc-css-833500 kc_text_block\"><\/p>\n<p class=\"Pardfaut translation-block\"><span lang=\"EN-US\" style=\"font-size: 12.0pt;font-family:\"> The hotel has a <br> garden overlooking the ocean which is the territory of our two magnificent <br> turtles as well as a play area for the youngest.<\/span><\/p>\n<p>\n<\/div><\/div><\/div><div class=\"kc-elm kc-css-616121 kc_col-sm-7 kc_column kc_col-sm-7\"><div class=\"kc-col-container\"><div class=\"kc-elm kc-css-151355\">\n\t<div class=\"kc-carousel_images kc-elm kc-css-151355\">\n\t\n\t\t<div class=\"kc-carousel-images owl-carousel-images kc-sync1  owl-nav-round\" data-owl-i-options='{\"items\":\"1\",\"tablet\":\"1\",\"mobile\":\"1\",\"speed\":\"500\",\"navigation\":\"yes\",\"pagination\":\"\",\"autoheight\":\"\",\"progressbar\":\"\",\"delay\":\"8\",\"autoplay\":\"yes\",\"showthumb\":\"\",\"num_thumb\":\"5\"}'>\n\t\n\t\t\t\t\t<div class=\"item\">\n\t\n\t\t\t\t\t\t\t<img src=\"https:\/\/milleniumsuites.com\/wp-content\/uploads\/2021\/08\/IMG_9737-scaled.jpg\"  alt=\"\"\/>\n\t\n\t\t\t\t\n\t\t\t<\/div>\n\t\n\t\t\t\t\t<div class=\"item\">\n\t\n\t\t\t\t\t\t\t<img src=\"https:\/\/milleniumsuites.com\/wp-content\/uploads\/2021\/08\/IMG_9736-scaled.jpg\"  alt=\"\"\/>\n\t\n\t\t\t\t\n\t\t\t<\/div>\n\t\n\t\t\t\t\t<div class=\"item\">\n\t\n\t\t\t\t\t\t\t<img src=\"https:\/\/milleniumsuites.com\/wp-content\/uploads\/2021\/08\/IMG_9697-scaled.jpg\"  alt=\"\"\/>\n\t\n\t\t\t\t\n\t\t\t<\/div>\n\t\n\t\t\t\t\t<div class=\"item\">\n\t\n\t\t\t\t\t\t\t<img src=\"https:\/\/milleniumsuites.com\/wp-content\/uploads\/2021\/07\/8S3B2565-scaled.jpg\"  alt=\"\"\/>\n\t\n\t\t\t\t\n\t\t\t<\/div>\n\t\n\t\t\t\n\t\t<\/div>\n\t\n\t\t\t<\/div>\n<\/div>\n<\/div><\/div><\/div><\/div><\/section><section class=\"kc-elm kc-css-658103 kc_row\"><div class=\"kc-row-container  kc-container\"><div class=\"kc-wrap-columns\"><div class=\"kc-elm kc-css-724235 kc_col-sm-12 kc_column kc_col-sm-12\"><div class=\"kc-col-container\"><div class=\"kc-elm kc-css-987259\" style=\"height: 103px; clear: both; width:100%;\"><\/div><\/div><\/div><\/div><\/div><\/section><\/p>","protected":false},"excerpt":{"rendered":"","protected":false},"author":1,"featured_media":3554,"parent":0,"menu_order":0,"comment_status":"closed","ping_status":"closed","template":"page-templates\/tpl-fullwidth.php","meta":{"footnotes":""},"yoast_head":"<!-- This site is optimized with the Yoast SEO plugin v21.2 - https:\/\/yoast.com\/wordpress\/plugins\/seo\/ -->\n<title>Hotel Millenium Suites - Loisirs &amp; services<\/title>\n<meta name=\"description\" content=\"Le Millenium Suites poss\u00e8de une piscine, un centre de fitness et un grand jardin... Une oasis de tranquillit\u00e9 \u00e0 Conakry, capitale Guin\u00e9enne.\" \/>\n<meta name=\"robots\" content=\"index, follow, max-snippet:-1, max-image-preview:large, max-video-preview:-1\" \/>\n<link rel=\"canonical\" href=\"https:\/\/milleniumsuites.com\/en\/services\/\" \/>\n<meta property=\"og:locale\" content=\"en_GB\" \/>\n<meta property=\"og:type\" content=\"article\" \/>\n<meta property=\"og:title\" content=\"Hotel Millenium Suites - Loisirs &amp; services\" \/>\n<meta property=\"og:description\" content=\"Le Millenium Suites poss\u00e8de une piscine, un centre de fitness et un grand jardin... Une oasis de tranquillit\u00e9 \u00e0 Conakry, capitale Guin\u00e9enne.\" \/>\n<meta property=\"og:url\" content=\"https:\/\/milleniumsuites.com\/en\/services\/\" \/>\n<meta property=\"og:site_name\" content=\"Hotel Millenium Suites\" \/>\n<meta property=\"article:modified_time\" content=\"2021-09-03T12:58:22+00:00\" \/>\n<meta property=\"og:image\" content=\"https:\/\/milleniumsuites.com\/wp-content\/uploads\/2021\/07\/8S3B0593-e1629883327663.jpg\" \/>\n\t<meta property=\"og:image:width\" content=\"1398\" \/>\n\t<meta property=\"og:image:height\" content=\"679\" \/>\n\t<meta property=\"og:image:type\" content=\"image\/jpeg\" \/>\n<meta name=\"twitter:card\" content=\"summary_large_image\" \/>\n<meta name=\"twitter:label1\" content=\"Estimated reading time\" \/>\n\t<meta name=\"twitter:data1\" content=\"1 minute\" \/>\n<script type=\"application\/ld+json\" class=\"yoast-schema-graph\">{\"@context\":\"https:\/\/schema.org\",\"@graph\":[{\"@type\":\"WebPage\",\"@id\":\"https:\/\/milleniumsuites.com\/services\/\",\"url\":\"https:\/\/milleniumsuites.com\/services\/\",\"name\":\"Hotel Millenium Suites - Loisirs & services\",\"isPartOf\":{\"@id\":\"https:\/\/milleniumsuites.com\/#website\"},\"datePublished\":\"2019-05-11T16:55:30+00:00\",\"dateModified\":\"2021-09-03T12:58:22+00:00\",\"description\":\"Le Millenium Suites poss\u00e8de une piscine, un centre de fitness et un grand jardin... Une oasis de tranquillit\u00e9 \u00e0 Conakry, capitale Guin\u00e9enne.\",\"breadcrumb\":{\"@id\":\"https:\/\/milleniumsuites.com\/services\/#breadcrumb\"},\"inLanguage\":\"en-GB\",\"potentialAction\":[{\"@type\":\"ReadAction\",\"target\":[\"https:\/\/milleniumsuites.com\/services\/\"]}]},{\"@type\":\"BreadcrumbList\",\"@id\":\"https:\/\/milleniumsuites.com\/services\/#breadcrumb\",\"itemListElement\":[{\"@type\":\"ListItem\",\"position\":1,\"name\":\"Accueil\",\"item\":\"https:\/\/milleniumsuites.com\/\"},{\"@type\":\"ListItem\",\"position\":2,\"name\":\"Loisirs &#038; services\"}]},{\"@type\":\"WebSite\",\"@id\":\"https:\/\/milleniumsuites.com\/#website\",\"url\":\"https:\/\/milleniumsuites.com\/\",\"name\":\"Hotel Millenium Suites\",\"description\":\"H\u00e9bergement de luxe - Conakry, au coeur de la capitale Guin\u00e9enne\",\"potentialAction\":[{\"@type\":\"SearchAction\",\"target\":{\"@type\":\"EntryPoint\",\"urlTemplate\":\"https:\/\/milleniumsuites.com\/?s={search_term_string}\"},\"query-input\":\"required name=search_term_string\"}],\"inLanguage\":\"en-GB\"}]}<\/script>\n<!-- \/ Yoast SEO plugin. -->","yoast_head_json":{"title":"Hotel Millenium Suites - Loisirs & services","description":"Le Millenium Suites poss\u00e8de une piscine, un centre de fitness et un grand jardin... Une oasis de tranquillit\u00e9 \u00e0 Conakry, capitale Guin\u00e9enne.","robots":{"index":"index","follow":"follow","max-snippet":"max-snippet:-1","max-image-preview":"max-image-preview:large","max-video-preview":"max-video-preview:-1"},"canonical":"https:\/\/milleniumsuites.com\/en\/services\/","og_locale":"en_GB","og_type":"article","og_title":"Hotel Millenium Suites - Loisirs & services","og_description":"Le Millenium Suites poss\u00e8de une piscine, un centre de fitness et un grand jardin... Une oasis de tranquillit\u00e9 \u00e0 Conakry, capitale Guin\u00e9enne.","og_url":"https:\/\/milleniumsuites.com\/en\/services\/","og_site_name":"Hotel Millenium Suites","article_modified_time":"2021-09-03T12:58:22+00:00","og_image":[{"width":1398,"height":679,"url":"https:\/\/milleniumsuites.com\/wp-content\/uploads\/2021\/07\/8S3B0593-e1629883327663.jpg","type":"image\/jpeg"}],"twitter_card":"summary_large_image","twitter_misc":{"Estimated reading time":"1 minute"},"schema":{"@context":"https:\/\/schema.org","@graph":[{"@type":"WebPage","@id":"https:\/\/milleniumsuites.com\/services\/","url":"https:\/\/milleniumsuites.com\/services\/","name":"Hotel Millenium Suites - Loisirs & services","isPartOf":{"@id":"https:\/\/milleniumsuites.com\/#website"},"datePublished":"2019-05-11T16:55:30+00:00","dateModified":"2021-09-03T12:58:22+00:00","description":"Le Millenium Suites poss\u00e8de une piscine, un centre de fitness et un grand jardin... Une oasis de tranquillit\u00e9 \u00e0 Conakry, capitale Guin\u00e9enne.","breadcrumb":{"@id":"https:\/\/milleniumsuites.com\/services\/#breadcrumb"},"inLanguage":"en-GB","potentialAction":[{"@type":"ReadAction","target":["https:\/\/milleniumsuites.com\/services\/"]}]},{"@type":"BreadcrumbList","@id":"https:\/\/milleniumsuites.com\/services\/#breadcrumb","itemListElement":[{"@type":"ListItem","position":1,"name":"Accueil","item":"https:\/\/milleniumsuites.com\/"},{"@type":"ListItem","position":2,"name":"Loisirs &#038; services"}]},{"@type":"WebSite","@id":"https:\/\/milleniumsuites.com\/#website","url":"https:\/\/milleniumsuites.com\/","name":"Hotel Millenium Suites","description":"H\u00e9bergement de luxe - Conakry, au coeur de la capitale Guin\u00e9enne","potentialAction":[{"@type":"SearchAction","target":{"@type":"EntryPoint","urlTemplate":"https:\/\/milleniumsuites.com\/?s={search_term_string}"},"query-input":"required name=search_term_string"}],"inLanguage":"en-GB"}]}},"_links":{"self":[{"href":"https:\/\/milleniumsuites.com\/en\/wp-json\/wp\/v2\/pages\/204"}],"collection":[{"href":"https:\/\/milleniumsuites.com\/en\/wp-json\/wp\/v2\/pages"}],"about":[{"href":"https:\/\/milleniumsuites.com\/en\/wp-json\/wp\/v2\/types\/page"}],"author":[{"embeddable":true,"href":"https:\/\/milleniumsuites.com\/en\/wp-json\/wp\/v2\/users\/1"}],"replies":[{"embeddable":true,"href":"https:\/\/milleniumsuites.com\/en\/wp-json\/wp\/v2\/comments?post=204"}],"version-history":[{"count":0,"href":"https:\/\/milleniumsuites.com\/en\/wp-json\/wp\/v2\/pages\/204\/revisions"}],"wp:featuredmedia":[{"embeddable":true,"href":"https:\/\/milleniumsuites.com\/en\/wp-json\/wp\/v2\/media\/3554"}],"wp:attachment":[{"href":"https:\/\/milleniumsuites.com\/en\/wp-json\/wp\/v2\/media?parent=204"}],"curies":[{"name":"wp","href":"https:\/\/api.w.org\/{rel}","templated":true}]}}