{"id":205,"date":"2019-05-11T18:55:36","date_gmt":"2019-05-11T18:55:36","guid":{"rendered":"https:\/\/themes.themeregion.com\/laxuary\/?page_id=205"},"modified":"2021-09-03T14:29:07","modified_gmt":"2021-09-03T12:29:07","slug":"contact","status":"publish","type":"page","link":"https:\/\/milleniumsuites.com\/en\/contact\/","title":{"rendered":"Contact"},"content":{"rendered":"<p><section data-kc-fullwidth=\"content\" class=\"kc-elm kc-css-267634 kc_row section-content section-padding\"><div class=\"kc-row-container\"><div class=\"kc-wrap-columns\"><div class=\"kc-elm kc-css-572470 kc_col-sm-12 kc_column kc_col-sm-12\"><div class=\"kc-col-container\"><div class=\"kc-elm kc-css-518444 tr-gmap\" ><div id=\"gmap\"><\/div><div class=\"container\"><div class=\"tr-feedback\"><div class=\"section-title\"><span class=\"sub-title\">Formulaire de contact<\/span><h1>Any questions ?<\/h1><\/div>\n<div class=\"wpcf7 no-js\" id=\"wpcf7-f151-o1\" lang=\"en-US\" dir=\"ltr\">\n<div class=\"screen-reader-response\"><p role=\"status\" aria-live=\"polite\" aria-atomic=\"true\"><\/p> <ul><\/ul><\/div>\n<form action=\"\/en\/wp-json\/wp\/v2\/pages\/205#wpcf7-f151-o1\" method=\"post\" class=\"wpcf7-form init\" aria-label=\"Contact form\" novalidate=\"novalidate\" data-status=\"init\" data-trp-original-action=\"\/en\/wp-json\/wp\/v2\/pages\/205#wpcf7-f151-o1\">\n<div style=\"display: none;\">\n<input type=\"hidden\" name=\"_wpcf7\" value=\"151\" \/>\n<input type=\"hidden\" name=\"_wpcf7_version\" value=\"5.8.1\" \/>\n<input type=\"hidden\" name=\"_wpcf7_locale\" value=\"en_US\" \/>\n<input type=\"hidden\" name=\"_wpcf7_unit_tag\" value=\"wpcf7-f151-o1\" \/>\n<input type=\"hidden\" name=\"_wpcf7_container_post\" value=\"0\" \/>\n<input type=\"hidden\" name=\"_wpcf7_posted_data_hash\" value=\"\" \/>\n<\/div>\n<div class=\"tr-form\">\n\t<div class=\"row\">\n\t\t<div class=\"col-md-6\">\n\t\t\t<div class=\"form-group\">\n\t\t\t\t<p><span class=\"wpcf7-form-control-wrap\" data-name=\"your-name\"><input size=\"40\" class=\"wpcf7-form-control wpcf7-text wpcf7-validates-as-required form-control\" aria-required=\"true\" aria-invalid=\"false\" placeholder=\"Last name and first name\" value=\"\" type=\"text\" name=\"your-name\" \/><\/span>\n\t\t\t\t<\/p>\n\t\t\t<\/div>\n\t\t<\/div>\n\t\t<div class=\"col-md-6\">\n\t\t\t<div class=\"form-group\">\n\t\t\t\t<p><span class=\"wpcf7-form-control-wrap\" data-name=\"your-email\"><input size=\"40\" class=\"wpcf7-form-control wpcf7-email wpcf7-validates-as-required wpcf7-text wpcf7-validates-as-email form-control\" aria-required=\"true\" aria-invalid=\"false\" placeholder=\"E-mail adress\" value=\"\" type=\"email\" name=\"your-email\" \/><\/span>\n\t\t\t\t<\/p>\n\t\t\t<\/div>\n\t\t<\/div>\n\t<\/div>\n\t<div class=\"form-group\">\n\t\t<p><span class=\"wpcf7-form-control-wrap\" data-name=\"your-message\"><textarea cols=\"40\" rows=\"10\" class=\"wpcf7-form-control wpcf7-textarea wpcf7-validates-as-required form-control\" aria-required=\"true\" aria-invalid=\"false\" placeholder=\"Enter your message here\" name=\"your-message\"><\/textarea><\/span>\n\t\t<\/p>\n\t<\/div>\n\t<p><input class=\"wpcf7-form-control wpcf7-submit has-spinner btn btn-primary float-right\" type=\"submit\" value=\"Send\" \/>\n\t<\/p>\n<\/div><div class=\"wpcf7-response-output\" aria-hidden=\"true\"><\/div>\n<input type=\"hidden\" name=\"trp-form-language\" value=\"en\"\/><\/form>\n<\/div>\n<\/div><\/div><\/div><\/div><\/div><\/div><\/div><\/section><section class=\"kc-elm kc-css-509229 kc_row section-content section-padding\"><div class=\"kc-row-container  kc-container\"><div class=\"kc-wrap-columns\"><div class=\"kc-elm kc-css-297249 kc_col-sm-5 kc_column kc_col-sm-5\"><div class=\"kc-col-container\"><div class=\"kc-elm kc-css-322581 section-title text-left\"><span class=\"sub-title tr-subheading\">Any questions ?<\/span><span>Hotel Millenium Suites<\/span><h1 class=\"tr-heading\">Contact us<\/h1><\/div><\/div><\/div><div class=\"kc-elm kc-css-57781 kc_col-sm-7 kc_column kc_col-sm-7\"><div class=\"kc-col-container\"><div class=\"kc-elm kc-css-666166 tr-address\"><ul class=\"global-list\"><li><span>Address :<\/span>Millenium Suites\r\nQuartier Landr\u00e9ah Commune de Dixinn\r\nBP 1940\r\nCONAKRY<\/li><li><span>Tel :<\/span>(00224) 666 26 36 00<\/li><li><span>Email :<\/span><a href=\"mailto:http:\/\/reception@millenium-guinee.com\">reception@millenium-guinee.com<\/a><\/li><\/ul><\/div><\/div><\/div><\/div><\/div><\/section><\/p>","protected":false},"excerpt":{"rendered":"","protected":false},"author":1,"featured_media":182,"parent":0,"menu_order":0,"comment_status":"closed","ping_status":"closed","template":"page-templates\/tpl-fullwidth.php","meta":{"footnotes":""},"yoast_head":"<!-- This site is optimized with the Yoast SEO plugin v21.2 - https:\/\/yoast.com\/wordpress\/plugins\/seo\/ -->\n<title>Hotel Millenium Suites - Contact<\/title>\n<meta name=\"description\" content=\"Contactez notre personnel pour toute demande concernant l\u2019H\u00f4tel Millenium Suites et r\u00e9servez votre s\u00e9jour d\u00e8s aujourd\u2019hui !\" \/>\n<meta name=\"robots\" content=\"index, follow, max-snippet:-1, max-image-preview:large, max-video-preview:-1\" \/>\n<link rel=\"canonical\" href=\"https:\/\/milleniumsuites.com\/en\/contact\/\" \/>\n<meta property=\"og:locale\" content=\"en_GB\" \/>\n<meta property=\"og:type\" content=\"article\" \/>\n<meta property=\"og:title\" content=\"Hotel Millenium Suites - Contact\" \/>\n<meta property=\"og:description\" content=\"Contactez notre personnel pour toute demande concernant l\u2019H\u00f4tel Millenium Suites et r\u00e9servez votre s\u00e9jour d\u00e8s aujourd\u2019hui !\" \/>\n<meta property=\"og:url\" content=\"https:\/\/milleniumsuites.com\/en\/contact\/\" \/>\n<meta property=\"og:site_name\" content=\"Hotel Millenium Suites\" \/>\n<meta property=\"article:modified_time\" content=\"2021-09-03T12:29:07+00:00\" \/>\n<meta property=\"og:image\" content=\"https:\/\/milleniumsuites.com\/wp-content\/uploads\/2019\/05\/breadcrumb-bg.jpg\" \/>\n\t<meta property=\"og:image:width\" content=\"1920\" \/>\n\t<meta property=\"og:image:height\" content=\"390\" \/>\n\t<meta property=\"og:image:type\" content=\"image\/jpeg\" \/>\n<meta name=\"twitter:card\" content=\"summary_large_image\" \/>\n<script type=\"application\/ld+json\" class=\"yoast-schema-graph\">{\"@context\":\"https:\/\/schema.org\",\"@graph\":[{\"@type\":\"WebPage\",\"@id\":\"https:\/\/milleniumsuites.com\/contact\/\",\"url\":\"https:\/\/milleniumsuites.com\/contact\/\",\"name\":\"Hotel Millenium Suites - Contact\",\"isPartOf\":{\"@id\":\"https:\/\/milleniumsuites.com\/#website\"},\"datePublished\":\"2019-05-11T18:55:36+00:00\",\"dateModified\":\"2021-09-03T12:29:07+00:00\",\"description\":\"Contactez notre personnel pour toute demande concernant l\u2019H\u00f4tel Millenium Suites et r\u00e9servez votre s\u00e9jour d\u00e8s aujourd\u2019hui !\",\"breadcrumb\":{\"@id\":\"https:\/\/milleniumsuites.com\/contact\/#breadcrumb\"},\"inLanguage\":\"en-GB\",\"potentialAction\":[{\"@type\":\"ReadAction\",\"target\":[\"https:\/\/milleniumsuites.com\/contact\/\"]}]},{\"@type\":\"BreadcrumbList\",\"@id\":\"https:\/\/milleniumsuites.com\/contact\/#breadcrumb\",\"itemListElement\":[{\"@type\":\"ListItem\",\"position\":1,\"name\":\"Accueil\",\"item\":\"https:\/\/milleniumsuites.com\/\"},{\"@type\":\"ListItem\",\"position\":2,\"name\":\"Contact\"}]},{\"@type\":\"WebSite\",\"@id\":\"https:\/\/milleniumsuites.com\/#website\",\"url\":\"https:\/\/milleniumsuites.com\/\",\"name\":\"Hotel Millenium Suites\",\"description\":\"H\u00e9bergement de luxe - Conakry, au coeur de la capitale Guin\u00e9enne\",\"potentialAction\":[{\"@type\":\"SearchAction\",\"target\":{\"@type\":\"EntryPoint\",\"urlTemplate\":\"https:\/\/milleniumsuites.com\/?s={search_term_string}\"},\"query-input\":\"required name=search_term_string\"}],\"inLanguage\":\"en-GB\"}]}<\/script>\n<!-- \/ Yoast SEO plugin. -->","yoast_head_json":{"title":"Hotel Millenium Suites - Contact","description":"Contactez notre personnel pour toute demande concernant l\u2019H\u00f4tel Millenium Suites et r\u00e9servez votre s\u00e9jour d\u00e8s aujourd\u2019hui !","robots":{"index":"index","follow":"follow","max-snippet":"max-snippet:-1","max-image-preview":"max-image-preview:large","max-video-preview":"max-video-preview:-1"},"canonical":"https:\/\/milleniumsuites.com\/en\/contact\/","og_locale":"en_GB","og_type":"article","og_title":"Hotel Millenium Suites - Contact","og_description":"Contactez notre personnel pour toute demande concernant l\u2019H\u00f4tel Millenium Suites et r\u00e9servez votre s\u00e9jour d\u00e8s aujourd\u2019hui !","og_url":"https:\/\/milleniumsuites.com\/en\/contact\/","og_site_name":"Hotel Millenium Suites","article_modified_time":"2021-09-03T12:29:07+00:00","og_image":[{"width":1920,"height":390,"url":"https:\/\/milleniumsuites.com\/wp-content\/uploads\/2019\/05\/breadcrumb-bg.jpg","type":"image\/jpeg"}],"twitter_card":"summary_large_image","schema":{"@context":"https:\/\/schema.org","@graph":[{"@type":"WebPage","@id":"https:\/\/milleniumsuites.com\/contact\/","url":"https:\/\/milleniumsuites.com\/contact\/","name":"Hotel Millenium Suites - Contact","isPartOf":{"@id":"https:\/\/milleniumsuites.com\/#website"},"datePublished":"2019-05-11T18:55:36+00:00","dateModified":"2021-09-03T12:29:07+00:00","description":"Contactez notre personnel pour toute demande concernant l\u2019H\u00f4tel Millenium Suites et r\u00e9servez votre s\u00e9jour d\u00e8s aujourd\u2019hui !","breadcrumb":{"@id":"https:\/\/milleniumsuites.com\/contact\/#breadcrumb"},"inLanguage":"en-GB","potentialAction":[{"@type":"ReadAction","target":["https:\/\/milleniumsuites.com\/contact\/"]}]},{"@type":"BreadcrumbList","@id":"https:\/\/milleniumsuites.com\/contact\/#breadcrumb","itemListElement":[{"@type":"ListItem","position":1,"name":"Accueil","item":"https:\/\/milleniumsuites.com\/"},{"@type":"ListItem","position":2,"name":"Contact"}]},{"@type":"WebSite","@id":"https:\/\/milleniumsuites.com\/#website","url":"https:\/\/milleniumsuites.com\/","name":"Hotel Millenium Suites","description":"H\u00e9bergement de luxe - Conakry, au coeur de la capitale Guin\u00e9enne","potentialAction":[{"@type":"SearchAction","target":{"@type":"EntryPoint","urlTemplate":"https:\/\/milleniumsuites.com\/?s={search_term_string}"},"query-input":"required name=search_term_string"}],"inLanguage":"en-GB"}]}},"_links":{"self":[{"href":"https:\/\/milleniumsuites.com\/en\/wp-json\/wp\/v2\/pages\/205"}],"collection":[{"href":"https:\/\/milleniumsuites.com\/en\/wp-json\/wp\/v2\/pages"}],"about":[{"href":"https:\/\/milleniumsuites.com\/en\/wp-json\/wp\/v2\/types\/page"}],"author":[{"embeddable":true,"href":"https:\/\/milleniumsuites.com\/en\/wp-json\/wp\/v2\/users\/1"}],"replies":[{"embeddable":true,"href":"https:\/\/milleniumsuites.com\/en\/wp-json\/wp\/v2\/comments?post=205"}],"version-history":[{"count":0,"href":"https:\/\/milleniumsuites.com\/en\/wp-json\/wp\/v2\/pages\/205\/revisions"}],"wp:featuredmedia":[{"embeddable":true,"href":"https:\/\/milleniumsuites.com\/en\/wp-json\/wp\/v2\/media\/182"}],"wp:attachment":[{"href":"https:\/\/milleniumsuites.com\/en\/wp-json\/wp\/v2\/media?parent=205"}],"curies":[{"name":"wp","href":"https:\/\/api.w.org\/{rel}","templated":true}]}}