{"id":3596,"date":"2021-07-01T17:29:23","date_gmt":"2021-07-01T15:29:23","guid":{"rendered":"https:\/\/milleniumsuites.com\/?page_id=3596"},"modified":"2021-09-03T15:14:13","modified_gmt":"2021-09-03T13:14:13","slug":"restaurants","status":"publish","type":"page","link":"https:\/\/milleniumsuites.com\/en\/restaurants\/","title":{"rendered":"Restaurants"},"content":{"rendered":"<p><section class=\"kc-elm kc-css-544785 kc-animated kc-animate-eff-fadeIn kc_row section-content section-padding\"><div class=\"kc-row-container  kc-container\"><div class=\"kc-wrap-columns\"><div class=\"kc-elm kc-css-302100 kc_col-sm-12 kc_column kc_col-sm-12\"><div class=\"kc-col-container\"><div class=\"kc-elm kc-css-995018 page-title section-title text-center\"><span class=\"sub-title tr-subheading\">Services de restauration<\/span><span>Hotel Millenium Suites<\/span><h1 class=\"tr-heading\">Restaurants<\/h1><\/div><\/div><\/div><\/div><\/div><\/section><section class=\"kc-elm kc-css-187737 kc_row\"><div class=\"kc-row-container  kc-container\"><div class=\"kc-wrap-columns\"><div class=\"kc-elm kc-css-400120 kc_col-sm-12 kc_column kc_col-sm-12\"><div class=\"kc-col-container\"><div class=\"kc-elm kc-css-276809 kc_row kc_row_inner\"><div class=\"kc-elm kc-css-351546 kc_col-sm-12 kc_column_inner kc_col-sm-12\"><div class=\"kc_wrapper kc-col-inner-container\"><div class=\"kc-elm kc-css-270543\" style=\"height: 49px; clear: both; width:100%;\"><\/div><div class=\"kc-elm kc-css-592361 kc_text_block\"><\/p>\n<p class=\"Corps translation-block\" style=\"text-align: center;\">At Millenium Suites, <strong> variety and quality <\/strong> come together to satisfy the most refined palates.<\/p>\n<p class=\"Corps translation-block\" style=\"text-align: center;\">Customers can choose from <strong> different flavor experiences <\/strong>.<\/p>\n<p class=\"Corps translation-block\" style=\"text-align: center;\">Relaxed, in their room thanks to <strong> room-service <\/strong>, a moment of relaxation and conviviality by the sea, at the <strong> Martini Lounge Bar <\/strong>, or an authentic culinary journey in our restaurant <strong> the West <\/strong>.<\/p>\n<p>\n<\/div><\/div><\/div><\/div><div class=\"kc-elm kc-css-220332 kc_row kc_row_inner\"><div class=\"kc-elm kc-css-341767 kc_col-sm-12 kc_column_inner kc_col-sm-12\"><div class=\"kc_wrapper kc-col-inner-container\">\n<div class=\"kc-elm kc-css-601538 divider_line\">\n\t<div class=\"divider_inner divider_line1\">\n\t\t\t<\/div>\n<\/div>\n<\/div><\/div><\/div><div class=\"kc-elm kc-css-569520 kc_row kc_row_inner\"><div class=\"kc-elm kc-css-317768 kc_col-sm-5 kc_column_inner kc_col-sm-5\"><div class=\"kc_wrapper kc-col-inner-container\"><div class=\"kc-elm kc-css-19434 kc-animated kc-animate-eff-fadeIn\">\n\t<div class=\"kc-carousel_images kc-elm kc-css-19434 kc-animated kc-animate-eff-fadeIn\">\n\t\n\t\t<div class=\"kc-carousel-images owl-carousel-images kc-sync1  owl-nav-round\" data-owl-i-options='{\"items\":\"1\",\"tablet\":\"1\",\"mobile\":\"1\",\"speed\":\"500\",\"navigation\":\"yes\",\"pagination\":\"\",\"autoheight\":\"\",\"progressbar\":\"\",\"delay\":\"5\",\"autoplay\":\"yes\",\"showthumb\":\"\",\"num_thumb\":\"5\"}'>\n\t\n\t\t\t\t\t<div class=\"item\">\n\t\n\t\t\t\t\t\t\t<img src=\"https:\/\/milleniumsuites.com\/wp-content\/uploads\/2021\/08\/8S3B27001-scaled-1.jpg\"  alt=\"\"\/>\n\t\n\t\t\t\t\n\t\t\t<\/div>\n\t\n\t\t\t\t\t<div class=\"item\">\n\t\n\t\t\t\t\t\t\t<img src=\"https:\/\/milleniumsuites.com\/wp-content\/uploads\/2021\/07\/8S3B0808-1-scaled.jpg\"  alt=\"\"\/>\n\t\n\t\t\t\t\n\t\t\t<\/div>\n\t\n\t\t\t\t\t<div class=\"item\">\n\t\n\t\t\t\t\t\t\t<img src=\"https:\/\/milleniumsuites.com\/wp-content\/uploads\/2021\/07\/8S3B0843-1-scaled.jpg\"  alt=\"\"\/>\n\t\n\t\t\t\t\n\t\t\t<\/div>\n\t\n\t\t\t\t\t<div class=\"item\">\n\t\n\t\t\t\t\t\t\t<img src=\"https:\/\/milleniumsuites.com\/wp-content\/uploads\/2021\/07\/8S3B2700-scaled.jpg\"  alt=\"\"\/>\n\t\n\t\t\t\t\n\t\t\t<\/div>\n\t\n\t\t\t\t\t<div class=\"item\">\n\t\n\t\t\t\t\t\t\t<img src=\"https:\/\/milleniumsuites.com\/wp-content\/uploads\/2021\/07\/8S3B2708-scaled.jpg\"  alt=\"\"\/>\n\t\n\t\t\t\t\n\t\t\t<\/div>\n\t\n\t\t\t\t\t<div class=\"item\">\n\t\n\t\t\t\t\t\t\t<img src=\"https:\/\/milleniumsuites.com\/wp-content\/uploads\/2021\/07\/8S3B2723-scaled.jpg\"  alt=\"\"\/>\n\t\n\t\t\t\t\n\t\t\t<\/div>\n\t\n\t\t\t\t\t<div class=\"item\">\n\t\n\t\t\t\t\t\t\t<img src=\"https:\/\/milleniumsuites.com\/wp-content\/uploads\/2021\/07\/8S3B2728-1-scaled.jpg\"  alt=\"\"\/>\n\t\n\t\t\t\t\n\t\t\t<\/div>\n\t\n\t\t\t\t\t<div class=\"item\">\n\t\n\t\t\t\t\t\t\t<img src=\"https:\/\/milleniumsuites.com\/wp-content\/uploads\/2021\/07\/8S3B2807-scaled.jpg\"  alt=\"\"\/>\n\t\n\t\t\t\t\n\t\t\t<\/div>\n\t\n\t\t\t\n\t\t<\/div>\n\t\n\t\t\t<\/div>\n<\/div>\n<\/div><\/div><div class=\"kc-elm kc-css-174129 kc_col-sm-7 kc_column_inner kc_col-sm-7\"><div class=\"kc_wrapper kc-col-inner-container\">\n<div class=\"kc-elm kc-css-284846 kc-title-wrap\">\n\n\t<h2 class=\"kc_title\">The West<\/h2>\n<\/div>\n<div class=\"kc-elm kc-css-344539 kc_text_block\"><\/p>\n<p class=\"Corps translation-block\">Enjoy <span dir=\"RTL\" lang=\"AR-SA\" style=\"font-family: 'Arial Unicode MS', serif\"> '<\/span> a <strong> gourmet getaway <\/strong> and savor <strong> authentic dishes <\/strong> finely concocted by our chef.<\/p>\n<p class=\"Corps translation-block\">A subtle blend of <strong> tradition and modernity <\/strong> skilfully dosed which will make you live a <strong> unique culinary experience <\/strong>.<\/p>\n<p class=\"Corps\">Enjoy a tasty suggestion each week from the chef, in addition to the different dishes on the menu.<\/p>\n<p class=\"Corps translation-block\"><strong> The West restaurant <\/strong> welcomes you every day of the week to offer you the best of <strong> international cuisine <\/strong>.<\/p>\n<h5>Opening time :<\/h5>\n<ul>\n<li>Breakfast: 7 a.m. - 10 a.m. from Monday to Friday &amp; 7 a.m. - 10.30 a.m. Saturday and Sunday<\/li>\n<li>Lunch: 12 p.m. - 3:30 p.m. from Monday to Sunday<\/li>\n<li>Dinner: 7 p.m. - 11 p.m. Monday to Sunday<\/li>\n<li>Room service: 24 hours a day from Monday to Sunday<\/li>\n<\/ul>\n<p>\n<\/div><\/div><\/div><\/div><div class=\"kc-elm kc-css-54936 kc_row kc_row_inner\"><div class=\"kc-elm kc-css-795349 kc_col-sm-12 kc_column_inner kc_col-sm-12\"><div class=\"kc_wrapper kc-col-inner-container\">\n<div class=\"kc-elm kc-css-82949 divider_line\">\n\t<div class=\"divider_inner divider_line1\">\n\t\t\t<\/div>\n<\/div>\n<\/div><\/div><\/div><div class=\"kc-elm kc-css-58908 kc_row kc_row_inner\"><div class=\"kc-elm kc-css-917535 kc_col-sm-12 kc_column_inner kc_col-sm-12\"><div class=\"kc_wrapper kc-col-inner-container\"><\/div><\/div><\/div><div class=\"kc-elm kc-css-647504 kc_row kc_row_inner\"><div class=\"kc-elm kc-css-548460 kc_col-sm-7 kc_column_inner kc_col-sm-7\"><div class=\"kc_wrapper kc-col-inner-container\">\n<div class=\"kc-elm kc-css-281790 kc-title-wrap\">\n\n\t<h2 class=\"kc_title\">The Martini Lounge Bar<\/h2>\n<\/div>\n<div class=\"kc-elm kc-css-465477 kc_text_block\"><\/p>\n<p class=\" translation-block\">Immerse yourself in its cozy atmosphere, our restaurant is a subtle <strong> chic mix between a restaurant and a modern lounge <\/strong>.<\/p>\n<p class=\" translation-block\">The Martini Lounge Bar serves the great classics of <strong> Asian cuisine <\/strong> while enjoying the <strong> sunset over the Atlantic <\/strong> while tasting one of our signature cocktails.<\/p>\n<h5>Opening time :<\/h5>\n<ul>\n<li>12 p.m. to 1 a.m. from Monday to Sunday<\/li>\n<\/ul>\n<p>\n<\/div><\/div><\/div><div class=\"kc-elm kc-css-298836 kc_col-sm-5 kc_column_inner kc_col-sm-5\"><div class=\"kc_wrapper kc-col-inner-container\"><div class=\"kc-elm kc-css-719888 kc-animated kc-animate-eff-fadeIn\">\n\t<div class=\"kc-carousel_images kc-elm kc-css-719888 kc-animated kc-animate-eff-fadeIn\">\n\t\n\t\t<div class=\"kc-carousel-images owl-carousel-images kc-sync1  owl-nav-round\" data-owl-i-options='{\"items\":\"1\",\"tablet\":\"1\",\"mobile\":\"1\",\"speed\":\"500\",\"navigation\":\"yes\",\"pagination\":\"\",\"autoheight\":\"\",\"progressbar\":\"\",\"delay\":\"5\",\"autoplay\":\"yes\",\"showthumb\":\"\",\"num_thumb\":\"5\"}'>\n\t\n\t\t\t\t\t<div class=\"item\">\n\t\n\t\t\t\t\t\t\t<img src=\"https:\/\/milleniumsuites.com\/wp-content\/uploads\/2021\/08\/IMG_9800-scaled.jpg\"  alt=\"\"\/>\n\t\n\t\t\t\t\n\t\t\t<\/div>\n\t\n\t\t\t\t\t<div class=\"item\">\n\t\n\t\t\t\t\t\t\t<img src=\"https:\/\/milleniumsuites.com\/wp-content\/uploads\/2021\/08\/IMG_9734-scaled.jpg\"  alt=\"\"\/>\n\t\n\t\t\t\t\n\t\t\t<\/div>\n\t\n\t\t\t\t\t<div class=\"item\">\n\t\n\t\t\t\t\t\t\t<img src=\"https:\/\/milleniumsuites.com\/wp-content\/uploads\/2021\/08\/IMG_9710-scaled.jpg\"  alt=\"\"\/>\n\t\n\t\t\t\t\n\t\t\t<\/div>\n\t\n\t\t\t\t\t<div class=\"item\">\n\t\n\t\t\t\t\t\t\t<img src=\"https:\/\/milleniumsuites.com\/wp-content\/uploads\/2021\/08\/IMG_9686-scaled.jpg\"  alt=\"\"\/>\n\t\n\t\t\t\t\n\t\t\t<\/div>\n\t\n\t\t\t\t\t<div class=\"item\">\n\t\n\t\t\t\t\t\t\t<img src=\"https:\/\/milleniumsuites.com\/wp-content\/uploads\/2021\/08\/IMG_9683-scaled.jpg\"  alt=\"\"\/>\n\t\n\t\t\t\t\n\t\t\t<\/div>\n\t\n\t\t\t\t\t<div class=\"item\">\n\t\n\t\t\t\t\t\t\t<img src=\"https:\/\/milleniumsuites.com\/wp-content\/uploads\/2021\/08\/IMG_9682-scaled.jpg\"  alt=\"\"\/>\n\t\n\t\t\t\t\n\t\t\t<\/div>\n\t\n\t\t\t\t\t<div class=\"item\">\n\t\n\t\t\t\t\t\t\t<img src=\"https:\/\/milleniumsuites.com\/wp-content\/uploads\/2021\/08\/IMG_9680-scaled.jpg\"  alt=\"\"\/>\n\t\n\t\t\t\t\n\t\t\t<\/div>\n\t\n\t\t\t\t\t<div class=\"item\">\n\t\n\t\t\t\t\t\t\t<img src=\"https:\/\/milleniumsuites.com\/wp-content\/uploads\/2021\/08\/IMG_9676-scaled.jpg\"  alt=\"\"\/>\n\t\n\t\t\t\t\n\t\t\t<\/div>\n\t\n\t\t\t\t\t<div class=\"item\">\n\t\n\t\t\t\t\t\t\t<img src=\"https:\/\/milleniumsuites.com\/wp-content\/uploads\/2021\/08\/IMG_9675-scaled.jpg\"  alt=\"\"\/>\n\t\n\t\t\t\t\n\t\t\t<\/div>\n\t\n\t\t\t\t\t<div class=\"item\">\n\t\n\t\t\t\t\t\t\t<img src=\"https:\/\/milleniumsuites.com\/wp-content\/uploads\/2021\/08\/IMG_9837-scaled.jpg\"  alt=\"\"\/>\n\t\n\t\t\t\t\n\t\t\t<\/div>\n\t\n\t\t\t\t\t<div class=\"item\">\n\t\n\t\t\t\t\t\t\t<img src=\"https:\/\/milleniumsuites.com\/wp-content\/uploads\/2021\/07\/8S3B2520-1-scaled.jpg\"  alt=\"\"\/>\n\t\n\t\t\t\t\n\t\t\t<\/div>\n\t\n\t\t\t\n\t\t<\/div>\n\t\n\t\t\t<\/div>\n<\/div>\n<\/div><\/div><\/div><\/div><\/div><\/div><\/div><\/section><section class=\"kc-elm kc-css-451853 kc_row\"><div class=\"kc-row-container  kc-container\"><div class=\"kc-wrap-columns\"><div class=\"kc-elm kc-css-586680 kc_col-sm-12 kc_column kc_col-sm-12\"><div class=\"kc-col-container\"><div class=\"kc-elm kc-css-863313\" style=\"height: 49px; clear: both; width:100%;\"><\/div><\/div><\/div><\/div><\/div><\/section><\/p>","protected":false},"excerpt":{"rendered":"","protected":false},"author":1,"featured_media":3509,"parent":0,"menu_order":0,"comment_status":"closed","ping_status":"closed","template":"page-templates\/tpl-fullwidth.php","meta":{"footnotes":""},"yoast_head":"<!-- This site is optimized with the Yoast SEO plugin v21.2 - https:\/\/yoast.com\/wordpress\/plugins\/seo\/ -->\n<title>Hotel Millenium Suites - Nos Restaurants<\/title>\n<meta name=\"description\" content=\"H\u00f4tel Restaurant Conakry : Profitez de nos offres et services au sein de l\u2019H\u00f4tel Millenium Suites - H\u00f4tel 4 \u2606 S\u00e9jour haut de gamme \u2713 R\u00e9servation en ligne s\u00e9curis\u00e9e\" \/>\n<meta name=\"robots\" content=\"index, follow, max-snippet:-1, max-image-preview:large, max-video-preview:-1\" \/>\n<link rel=\"canonical\" href=\"https:\/\/milleniumsuites.com\/en\/restaurants\/\" \/>\n<meta property=\"og:locale\" content=\"en_GB\" \/>\n<meta property=\"og:type\" content=\"article\" \/>\n<meta property=\"og:title\" content=\"Hotel Millenium Suites - Nos Restaurants\" \/>\n<meta property=\"og:description\" content=\"H\u00f4tel Restaurant Conakry : Profitez de nos offres et services au sein de l\u2019H\u00f4tel Millenium Suites - H\u00f4tel 4 \u2606 S\u00e9jour haut de gamme \u2713 R\u00e9servation en ligne s\u00e9curis\u00e9e\" \/>\n<meta property=\"og:url\" content=\"https:\/\/milleniumsuites.com\/en\/restaurants\/\" \/>\n<meta property=\"og:site_name\" content=\"Hotel Millenium Suites\" \/>\n<meta property=\"article:modified_time\" content=\"2021-09-03T13:14:13+00:00\" \/>\n<meta property=\"og:image\" content=\"https:\/\/milleniumsuites.com\/wp-content\/uploads\/2021\/07\/8S3B1180-Modifier-scaled.jpg\" \/>\n\t<meta property=\"og:image:width\" content=\"2560\" \/>\n\t<meta property=\"og:image:height\" content=\"757\" \/>\n\t<meta property=\"og:image:type\" content=\"image\/jpeg\" \/>\n<meta name=\"twitter:card\" content=\"summary_large_image\" \/>\n<meta name=\"twitter:label1\" content=\"Estimated reading time\" \/>\n\t<meta name=\"twitter:data1\" content=\"1 minute\" \/>\n<script type=\"application\/ld+json\" class=\"yoast-schema-graph\">{\"@context\":\"https:\/\/schema.org\",\"@graph\":[{\"@type\":\"WebPage\",\"@id\":\"https:\/\/milleniumsuites.com\/en\/restaurants\/\",\"url\":\"https:\/\/milleniumsuites.com\/en\/restaurants\/\",\"name\":\"Hotel Millenium Suites - Nos Restaurants\",\"isPartOf\":{\"@id\":\"https:\/\/milleniumsuites.com\/#website\"},\"datePublished\":\"2021-07-01T15:29:23+00:00\",\"dateModified\":\"2021-09-03T13:14:13+00:00\",\"description\":\"H\u00f4tel Restaurant Conakry : Profitez de nos offres et services au sein de l\u2019H\u00f4tel Millenium Suites - H\u00f4tel 4 \u2606 S\u00e9jour haut de gamme \u2713 R\u00e9servation en ligne s\u00e9curis\u00e9e\",\"breadcrumb\":{\"@id\":\"https:\/\/milleniumsuites.com\/en\/restaurants\/#breadcrumb\"},\"inLanguage\":\"en-GB\",\"potentialAction\":[{\"@type\":\"ReadAction\",\"target\":[\"https:\/\/milleniumsuites.com\/en\/restaurants\/\"]}]},{\"@type\":\"BreadcrumbList\",\"@id\":\"https:\/\/milleniumsuites.com\/en\/restaurants\/#breadcrumb\",\"itemListElement\":[{\"@type\":\"ListItem\",\"position\":1,\"name\":\"Accueil\",\"item\":\"https:\/\/milleniumsuites.com\/\"},{\"@type\":\"ListItem\",\"position\":2,\"name\":\"Nos Restaurants\"}]},{\"@type\":\"WebSite\",\"@id\":\"https:\/\/milleniumsuites.com\/#website\",\"url\":\"https:\/\/milleniumsuites.com\/\",\"name\":\"Hotel Millenium Suites\",\"description\":\"H\u00e9bergement de luxe - Conakry, au coeur de la capitale Guin\u00e9enne\",\"potentialAction\":[{\"@type\":\"SearchAction\",\"target\":{\"@type\":\"EntryPoint\",\"urlTemplate\":\"https:\/\/milleniumsuites.com\/?s={search_term_string}\"},\"query-input\":\"required name=search_term_string\"}],\"inLanguage\":\"en-GB\"}]}<\/script>\n<!-- \/ Yoast SEO plugin. -->","yoast_head_json":{"title":"Hotel Millenium Suites - Nos Restaurants","description":"H\u00f4tel Restaurant Conakry : Profitez de nos offres et services au sein de l\u2019H\u00f4tel Millenium Suites - H\u00f4tel 4 \u2606 S\u00e9jour haut de gamme \u2713 R\u00e9servation en ligne s\u00e9curis\u00e9e","robots":{"index":"index","follow":"follow","max-snippet":"max-snippet:-1","max-image-preview":"max-image-preview:large","max-video-preview":"max-video-preview:-1"},"canonical":"https:\/\/milleniumsuites.com\/en\/restaurants\/","og_locale":"en_GB","og_type":"article","og_title":"Hotel Millenium Suites - Nos Restaurants","og_description":"H\u00f4tel Restaurant Conakry : Profitez de nos offres et services au sein de l\u2019H\u00f4tel Millenium Suites - H\u00f4tel 4 \u2606 S\u00e9jour haut de gamme \u2713 R\u00e9servation en ligne s\u00e9curis\u00e9e","og_url":"https:\/\/milleniumsuites.com\/en\/restaurants\/","og_site_name":"Hotel Millenium Suites","article_modified_time":"2021-09-03T13:14:13+00:00","og_image":[{"width":2560,"height":757,"url":"https:\/\/milleniumsuites.com\/wp-content\/uploads\/2021\/07\/8S3B1180-Modifier-scaled.jpg","type":"image\/jpeg"}],"twitter_card":"summary_large_image","twitter_misc":{"Estimated reading time":"1 minute"},"schema":{"@context":"https:\/\/schema.org","@graph":[{"@type":"WebPage","@id":"https:\/\/milleniumsuites.com\/en\/restaurants\/","url":"https:\/\/milleniumsuites.com\/en\/restaurants\/","name":"Hotel Millenium Suites - Nos Restaurants","isPartOf":{"@id":"https:\/\/milleniumsuites.com\/#website"},"datePublished":"2021-07-01T15:29:23+00:00","dateModified":"2021-09-03T13:14:13+00:00","description":"H\u00f4tel Restaurant Conakry : Profitez de nos offres et services au sein de l\u2019H\u00f4tel Millenium Suites - H\u00f4tel 4 \u2606 S\u00e9jour haut de gamme \u2713 R\u00e9servation en ligne s\u00e9curis\u00e9e","breadcrumb":{"@id":"https:\/\/milleniumsuites.com\/en\/restaurants\/#breadcrumb"},"inLanguage":"en-GB","potentialAction":[{"@type":"ReadAction","target":["https:\/\/milleniumsuites.com\/en\/restaurants\/"]}]},{"@type":"BreadcrumbList","@id":"https:\/\/milleniumsuites.com\/en\/restaurants\/#breadcrumb","itemListElement":[{"@type":"ListItem","position":1,"name":"Accueil","item":"https:\/\/milleniumsuites.com\/"},{"@type":"ListItem","position":2,"name":"Nos Restaurants"}]},{"@type":"WebSite","@id":"https:\/\/milleniumsuites.com\/#website","url":"https:\/\/milleniumsuites.com\/","name":"Hotel Millenium Suites","description":"H\u00e9bergement de luxe - Conakry, au coeur de la capitale Guin\u00e9enne","potentialAction":[{"@type":"SearchAction","target":{"@type":"EntryPoint","urlTemplate":"https:\/\/milleniumsuites.com\/?s={search_term_string}"},"query-input":"required name=search_term_string"}],"inLanguage":"en-GB"}]}},"_links":{"self":[{"href":"https:\/\/milleniumsuites.com\/en\/wp-json\/wp\/v2\/pages\/3596"}],"collection":[{"href":"https:\/\/milleniumsuites.com\/en\/wp-json\/wp\/v2\/pages"}],"about":[{"href":"https:\/\/milleniumsuites.com\/en\/wp-json\/wp\/v2\/types\/page"}],"author":[{"embeddable":true,"href":"https:\/\/milleniumsuites.com\/en\/wp-json\/wp\/v2\/users\/1"}],"replies":[{"embeddable":true,"href":"https:\/\/milleniumsuites.com\/en\/wp-json\/wp\/v2\/comments?post=3596"}],"version-history":[{"count":0,"href":"https:\/\/milleniumsuites.com\/en\/wp-json\/wp\/v2\/pages\/3596\/revisions"}],"wp:featuredmedia":[{"embeddable":true,"href":"https:\/\/milleniumsuites.com\/en\/wp-json\/wp\/v2\/media\/3509"}],"wp:attachment":[{"href":"https:\/\/milleniumsuites.com\/en\/wp-json\/wp\/v2\/media?parent=3596"}],"curies":[{"name":"wp","href":"https:\/\/api.w.org\/{rel}","templated":true}]}}