{"id":3623,"date":"2021-07-02T11:24:18","date_gmt":"2021-07-02T09:24:18","guid":{"rendered":"https:\/\/milleniumsuites.com\/?page_id=3623"},"modified":"2021-09-03T15:12:06","modified_gmt":"2021-09-03T13:12:06","slug":"events","status":"publish","type":"page","link":"https:\/\/milleniumsuites.com\/en\/events\/","title":{"rendered":"R\u00e9unions et \u00c9v\u00e9nements"},"content":{"rendered":"<p><section class=\"kc-elm kc-css-80495 kc-animated kc-animate-eff-fadeIn kc_row section-content section-padding\"><div class=\"kc-row-container  kc-container\"><div class=\"kc-wrap-columns\"><div class=\"kc-elm kc-css-72665 kc_col-sm-12 kc_column kc_col-sm-12\"><div class=\"kc-col-container\"><div class=\"kc-elm kc-css-990161 page-title section-title text-center\"><span class=\"sub-title tr-subheading\">Exceptional reception venue<\/span><span>Hotel Millenium Suites<\/span><h1 class=\"tr-heading\">Meetings &amp; Events<\/h1><\/div><\/div><\/div><\/div><\/div><\/section><section class=\"kc-elm kc-css-88034 kc_row\"><div class=\"kc-row-container  kc-container\"><div class=\"kc-wrap-columns\"><div class=\"kc-elm kc-css-617855 kc_col-sm-12 kc_column kc_col-sm-12\"><div class=\"kc-col-container\"><div class=\"kc-elm kc-css-816859\" style=\"height: 49px; clear: both; width:100%;\"><\/div><div class=\"kc-elm kc-css-287622 kc_text_block\"><\/p>\n<p class=\"Corps translation-block\" style=\"text-align: center;\">The Millenium Suites puts at your disposal <strong> two exclusive reception rooms <\/strong>, <span lang=\"ES-TRAD\"> <\/span>( X m\u00b2 and X m\u00b2), bathed in natural light, they can accommodate up to <span> <\/span> X people. Ideal for all your events: <span> <\/span> <strong> Meeting, conference, wedding, conference, cocktail, dinner. <\/strong><\/p>\n<p class=\"Corps translation-block\" style=\"text-align: center;\">Our teams arrange the premises according to your needs and our <strong> catering service <\/strong> ensures a quality food and drink service.<\/p>\n<p class=\"Corps translation-block\" style=\"text-align: center;\">Do not hesitate to <strong> contact our catering manager <\/strong> to present your needs.<\/p>\n<p>\n<\/div><div class=\"kc-elm kc-css-23459\" style=\"height: 49px; clear: both; width:100%;\"><\/div><div class=\"kc-elm kc-css-655516\">\n\t<div class=\"kc-carousel_images kc-elm kc-css-655516\">\n\t\n\t\t<div class=\"kc-carousel-images owl-carousel-images kc-sync1\" data-owl-i-options='{\"items\":\"1\",\"tablet\":\"1\",\"mobile\":\"1\",\"speed\":\"500\",\"navigation\":\"\",\"pagination\":\"yes\",\"autoheight\":\"\",\"progressbar\":\"\",\"delay\":\"5\",\"autoplay\":\"yes\",\"showthumb\":\"\",\"num_thumb\":\"5\"}'>\n\t\n\t\t\t\t\t<div class=\"item\">\n\t\n\t\t\t\t\t\t\t<img src=\"https:\/\/milleniumsuites.com\/wp-content\/uploads\/2021\/07\/8S3B6457-scaled.jpg\"  alt=\"\"\/>\n\t\n\t\t\t\t\n\t\t\t<\/div>\n\t\n\t\t\t\t\t<div class=\"item\">\n\t\n\t\t\t\t\t\t\t<img src=\"https:\/\/milleniumsuites.com\/wp-content\/uploads\/2021\/07\/8S3B6454-scaled.jpg\"  alt=\"\"\/>\n\t\n\t\t\t\t\n\t\t\t<\/div>\n\t\n\t\t\t\t\t<div class=\"item\">\n\t\n\t\t\t\t\t\t\t<img src=\"https:\/\/milleniumsuites.com\/wp-content\/uploads\/2021\/07\/8S3B6436-scaled.jpg\"  alt=\"\"\/>\n\t\n\t\t\t\t\n\t\t\t<\/div>\n\t\n\t\t\t\t\t<div class=\"item\">\n\t\n\t\t\t\t\t\t\t<img src=\"https:\/\/milleniumsuites.com\/wp-content\/uploads\/2021\/07\/8S3B6432-scaled.jpg\"  alt=\"\"\/>\n\t\n\t\t\t\t\n\t\t\t<\/div>\n\t\n\t\t\t\t\t<div class=\"item\">\n\t\n\t\t\t\t\t\t\t<img src=\"https:\/\/milleniumsuites.com\/wp-content\/uploads\/2021\/07\/8S3B2599-scaled.jpg\"  alt=\"\"\/>\n\t\n\t\t\t\t\n\t\t\t<\/div>\n\t\n\t\t\t\n\t\t<\/div>\n\t\n\t\t\t<\/div>\n<\/div>\n<div class=\"kc-elm kc-css-333060\" style=\"height: 49px; clear: both; width:100%;\"><\/div><\/div><\/div><\/div><\/div><\/section><\/p>","protected":false},"excerpt":{"rendered":"","protected":false},"author":1,"featured_media":3509,"parent":0,"menu_order":0,"comment_status":"closed","ping_status":"closed","template":"page-templates\/tpl-fullwidth.php","meta":{"footnotes":""},"yoast_head":"<!-- This site is optimized with the Yoast SEO plugin v21.2 - https:\/\/yoast.com\/wordpress\/plugins\/seo\/ -->\n<title>Hotel Millenium Suites - R\u00e9unions et \u00c9v\u00e9nements<\/title>\n<meta name=\"description\" content=\"R\u00e9unions &amp; \u00c9v\u00e9nements: Profitez de nos offres et services au sein de l\u2019H\u00f4tel Millenium Suites - H\u00f4tel 4 \u2606 \u00e0 Conakry \u2713 R\u00e9servation en ligne s\u00e9curis\u00e9e\" \/>\n<meta name=\"robots\" content=\"index, follow, max-snippet:-1, max-image-preview:large, max-video-preview:-1\" \/>\n<link rel=\"canonical\" href=\"https:\/\/milleniumsuites.com\/en\/events\/\" \/>\n<meta property=\"og:locale\" content=\"en_GB\" \/>\n<meta property=\"og:type\" content=\"article\" \/>\n<meta property=\"og:title\" content=\"Hotel Millenium Suites - R\u00e9unions et \u00c9v\u00e9nements\" \/>\n<meta property=\"og:description\" content=\"R\u00e9unions &amp; \u00c9v\u00e9nements: Profitez de nos offres et services au sein de l\u2019H\u00f4tel Millenium Suites - H\u00f4tel 4 \u2606 \u00e0 Conakry \u2713 R\u00e9servation en ligne s\u00e9curis\u00e9e\" \/>\n<meta property=\"og:url\" content=\"https:\/\/milleniumsuites.com\/en\/events\/\" \/>\n<meta property=\"og:site_name\" content=\"Hotel Millenium Suites\" \/>\n<meta property=\"article:modified_time\" content=\"2021-09-03T13:12:06+00:00\" \/>\n<meta property=\"og:image\" content=\"https:\/\/milleniumsuites.com\/wp-content\/uploads\/2021\/07\/8S3B1180-Modifier-scaled.jpg\" \/>\n\t<meta property=\"og:image:width\" content=\"2560\" \/>\n\t<meta property=\"og:image:height\" content=\"757\" \/>\n\t<meta property=\"og:image:type\" content=\"image\/jpeg\" \/>\n<meta name=\"twitter:card\" content=\"summary_large_image\" \/>\n<script type=\"application\/ld+json\" class=\"yoast-schema-graph\">{\"@context\":\"https:\/\/schema.org\",\"@graph\":[{\"@type\":\"WebPage\",\"@id\":\"https:\/\/milleniumsuites.com\/en\/events\/\",\"url\":\"https:\/\/milleniumsuites.com\/en\/events\/\",\"name\":\"Hotel Millenium Suites - R\u00e9unions et \u00c9v\u00e9nements\",\"isPartOf\":{\"@id\":\"https:\/\/milleniumsuites.com\/#website\"},\"datePublished\":\"2021-07-02T09:24:18+00:00\",\"dateModified\":\"2021-09-03T13:12:06+00:00\",\"description\":\"R\u00e9unions & \u00c9v\u00e9nements: Profitez de nos offres et services au sein de l\u2019H\u00f4tel Millenium Suites - H\u00f4tel 4 \u2606 \u00e0 Conakry \u2713 R\u00e9servation en ligne s\u00e9curis\u00e9e\",\"breadcrumb\":{\"@id\":\"https:\/\/milleniumsuites.com\/en\/events\/#breadcrumb\"},\"inLanguage\":\"en-GB\",\"potentialAction\":[{\"@type\":\"ReadAction\",\"target\":[\"https:\/\/milleniumsuites.com\/en\/events\/\"]}]},{\"@type\":\"BreadcrumbList\",\"@id\":\"https:\/\/milleniumsuites.com\/en\/events\/#breadcrumb\",\"itemListElement\":[{\"@type\":\"ListItem\",\"position\":1,\"name\":\"Accueil\",\"item\":\"https:\/\/milleniumsuites.com\/\"},{\"@type\":\"ListItem\",\"position\":2,\"name\":\"R\u00e9unions et \u00c9v\u00e9nements\"}]},{\"@type\":\"WebSite\",\"@id\":\"https:\/\/milleniumsuites.com\/#website\",\"url\":\"https:\/\/milleniumsuites.com\/\",\"name\":\"Hotel Millenium Suites\",\"description\":\"H\u00e9bergement de luxe - Conakry, au coeur de la capitale Guin\u00e9enne\",\"potentialAction\":[{\"@type\":\"SearchAction\",\"target\":{\"@type\":\"EntryPoint\",\"urlTemplate\":\"https:\/\/milleniumsuites.com\/?s={search_term_string}\"},\"query-input\":\"required name=search_term_string\"}],\"inLanguage\":\"en-GB\"}]}<\/script>\n<!-- \/ Yoast SEO plugin. -->","yoast_head_json":{"title":"Hotel Millenium Suites - R\u00e9unions et \u00c9v\u00e9nements","description":"R\u00e9unions & \u00c9v\u00e9nements: Profitez de nos offres et services au sein de l\u2019H\u00f4tel Millenium Suites - H\u00f4tel 4 \u2606 \u00e0 Conakry \u2713 R\u00e9servation en ligne s\u00e9curis\u00e9e","robots":{"index":"index","follow":"follow","max-snippet":"max-snippet:-1","max-image-preview":"max-image-preview:large","max-video-preview":"max-video-preview:-1"},"canonical":"https:\/\/milleniumsuites.com\/en\/events\/","og_locale":"en_GB","og_type":"article","og_title":"Hotel Millenium Suites - R\u00e9unions et \u00c9v\u00e9nements","og_description":"R\u00e9unions & \u00c9v\u00e9nements: Profitez de nos offres et services au sein de l\u2019H\u00f4tel Millenium Suites - H\u00f4tel 4 \u2606 \u00e0 Conakry \u2713 R\u00e9servation en ligne s\u00e9curis\u00e9e","og_url":"https:\/\/milleniumsuites.com\/en\/events\/","og_site_name":"Hotel Millenium Suites","article_modified_time":"2021-09-03T13:12:06+00:00","og_image":[{"width":2560,"height":757,"url":"https:\/\/milleniumsuites.com\/wp-content\/uploads\/2021\/07\/8S3B1180-Modifier-scaled.jpg","type":"image\/jpeg"}],"twitter_card":"summary_large_image","schema":{"@context":"https:\/\/schema.org","@graph":[{"@type":"WebPage","@id":"https:\/\/milleniumsuites.com\/en\/events\/","url":"https:\/\/milleniumsuites.com\/en\/events\/","name":"Hotel Millenium Suites - R\u00e9unions et \u00c9v\u00e9nements","isPartOf":{"@id":"https:\/\/milleniumsuites.com\/#website"},"datePublished":"2021-07-02T09:24:18+00:00","dateModified":"2021-09-03T13:12:06+00:00","description":"R\u00e9unions & \u00c9v\u00e9nements: Profitez de nos offres et services au sein de l\u2019H\u00f4tel Millenium Suites - H\u00f4tel 4 \u2606 \u00e0 Conakry \u2713 R\u00e9servation en ligne s\u00e9curis\u00e9e","breadcrumb":{"@id":"https:\/\/milleniumsuites.com\/en\/events\/#breadcrumb"},"inLanguage":"en-GB","potentialAction":[{"@type":"ReadAction","target":["https:\/\/milleniumsuites.com\/en\/events\/"]}]},{"@type":"BreadcrumbList","@id":"https:\/\/milleniumsuites.com\/en\/events\/#breadcrumb","itemListElement":[{"@type":"ListItem","position":1,"name":"Accueil","item":"https:\/\/milleniumsuites.com\/"},{"@type":"ListItem","position":2,"name":"R\u00e9unions et \u00c9v\u00e9nements"}]},{"@type":"WebSite","@id":"https:\/\/milleniumsuites.com\/#website","url":"https:\/\/milleniumsuites.com\/","name":"Hotel Millenium Suites","description":"H\u00e9bergement de luxe - Conakry, au coeur de la capitale Guin\u00e9enne","potentialAction":[{"@type":"SearchAction","target":{"@type":"EntryPoint","urlTemplate":"https:\/\/milleniumsuites.com\/?s={search_term_string}"},"query-input":"required name=search_term_string"}],"inLanguage":"en-GB"}]}},"_links":{"self":[{"href":"https:\/\/milleniumsuites.com\/en\/wp-json\/wp\/v2\/pages\/3623"}],"collection":[{"href":"https:\/\/milleniumsuites.com\/en\/wp-json\/wp\/v2\/pages"}],"about":[{"href":"https:\/\/milleniumsuites.com\/en\/wp-json\/wp\/v2\/types\/page"}],"author":[{"embeddable":true,"href":"https:\/\/milleniumsuites.com\/en\/wp-json\/wp\/v2\/users\/1"}],"replies":[{"embeddable":true,"href":"https:\/\/milleniumsuites.com\/en\/wp-json\/wp\/v2\/comments?post=3623"}],"version-history":[{"count":0,"href":"https:\/\/milleniumsuites.com\/en\/wp-json\/wp\/v2\/pages\/3623\/revisions"}],"wp:featuredmedia":[{"embeddable":true,"href":"https:\/\/milleniumsuites.com\/en\/wp-json\/wp\/v2\/media\/3509"}],"wp:attachment":[{"href":"https:\/\/milleniumsuites.com\/en\/wp-json\/wp\/v2\/media?parent=3623"}],"curies":[{"name":"wp","href":"https:\/\/api.w.org\/{rel}","templated":true}]}}